{"id":5672,"date":"2023-08-11T03:25:42","date_gmt":"2023-08-11T03:25:42","guid":{"rendered":"https:\/\/naturalbotaniclaceiba.com\/?post_type=product&#038;p=5672"},"modified":"2024-02-19T02:41:05","modified_gmt":"2024-02-19T02:41:05","slug":"inulac-plus","status":"publish","type":"product","link":"https:\/\/naturalbotaniclaceiba.com\/index.php\/product\/inulac-plus\/","title":{"rendered":"Inulac Plus"},"content":{"rendered":"<h3><b>Beneficios:<\/b><\/h3>\n<ul>\n<li>Inulac Plus es un producto que presenta una potente actividad digestiva e intestinal. Su eficacia est\u00e1 aumentada debido a que combina la acci\u00f3n de una potente mezcla de enzimas digestivas (pancreatina, papa\u00edna, amilasa) m\u00e1s probi\u00f3ticos con doble cubierta ent\u00e9rica, prebi\u00f3ticos y \u00e1cido l\u00e1ctico, que aseguran una ayuda al aparato digestivo para la correcta digesti\u00f3n y absorci\u00f3n de los alimentos (prote\u00ednas, grasas, hidratos de carbono, fibra, etc.) as\u00ed como la recuperaci\u00f3n de una flora intestinal beneficiosa que contribuye a mantener la salud y el equilibrio intestinal.<\/li>\n<\/ul>\n<h3><b>Contraindicaciones:<\/b><\/h3>\n<ul>\n<li>Los complementos alimenticios no deben utilizarse como sustitutos de una dieta variada y equilibrada.<\/li>\n<li>No superar la dosis diaria expresamente recomendada.<\/li>\n<li>Mantener fuera del alcance de los ni\u00f1os m\u00e1s peque\u00f1os.<\/li>\n<\/ul>\n","protected":false},"excerpt":{"rendered":"<h3><\/h3>\n<h3><b>Ingredientes:<\/b><\/h3>\n<p>Inulina, fructosa, extracto de malta diast\u00e1sico, polvo de coraz\u00f3n de pi\u00f1a y de papaya, \u00e1cido l\u00e1ctico, fermentos l\u00e1cticos (Lactobacillus acidophilus, Lactobacillus casei y Bifidobacterium bifidum en una cantidad aproximada de 1.109 microorganismos\/comprimido), \u00e1cido c\u00edtrico, celulosa microcristalina y estearato de magnesio.<\/p>\n<h3><b>Composici\u00f3n:<\/b><\/h3>\n<p>&nbsp;<\/p>\n<h3><b>Presentaci\u00f3n:<\/b><\/h3>\n<p>Envase de 24 comprimidos masticables.<\/p>\n<h3><b>Dosis:<\/b><\/h3>\n<p>Tomar 1 comprimidos masticable despu\u00e9s de las comidas copiosas o durante las comidas. No mantener en la boca durante mucho tiempo.<\/p>\n","protected":false},"featured_media":5673,"template":"","meta":{"site-sidebar-layout":"default","site-content-layout":"default","ast-site-content-layout":"default","site-content-style":"default","site-sidebar-style":"default","ast-global-header-display":"","ast-banner-title-visibility":"","ast-main-header-display":"","ast-hfb-above-header-display":"","ast-hfb-below-header-display":"","ast-hfb-mobile-header-display":"","site-post-title":"","ast-breadcrumbs-content":"","ast-featured-img":"","footer-sml-layout":"","theme-transparent-header-meta":"default","adv-header-id-meta":"","stick-header-meta":"","header-above-stick-meta":"","header-main-stick-meta":"","header-below-stick-meta":"","astra-migrate-meta-layouts":"default","ast-page-background-enabled":"default","ast-page-background-meta":{"desktop":{"background-color":"","background-image":"","background-repeat":"repeat","background-position":"center center","background-size":"auto","background-attachment":"scroll","background-type":"","background-media":"","overlay-type":"","overlay-color":"","overlay-opacity":"","overlay-gradient":""},"tablet":{"background-color":"","background-image":"","background-repeat":"repeat","background-position":"center center","background-size":"auto","background-attachment":"scroll","background-type":"","background-media":"","overlay-type":"","overlay-color":"","overlay-opacity":"","overlay-gradient":""},"mobile":{"background-color":"","background-image":"","background-repeat":"repeat","background-position":"center center","background-size":"auto","background-attachment":"scroll","background-type":"","background-media":"","overlay-type":"","overlay-color":"","overlay-opacity":"","overlay-gradient":""}},"ast-content-background-meta":{"desktop":{"background-color":"var(--ast-global-color-5)","background-image":"","background-repeat":"repeat","background-position":"center center","background-size":"auto","background-attachment":"scroll","background-type":"","background-media":"","overlay-type":"","overlay-color":"","overlay-opacity":"","overlay-gradient":""},"tablet":{"background-color":"var(--ast-global-color-5)","background-image":"","background-repeat":"repeat","background-position":"center center","background-size":"auto","background-attachment":"scroll","background-type":"","background-media":"","overlay-type":"","overlay-color":"","overlay-opacity":"","overlay-gradient":""},"mobile":{"background-color":"var(--ast-global-color-5)","background-image":"","background-repeat":"repeat","background-position":"center center","background-size":"auto","background-attachment":"scroll","background-type":"","background-media":"","overlay-type":"","overlay-color":"","overlay-opacity":"","overlay-gradient":""}}},"product_brand":[],"product_cat":[34],"product_tag":[],"class_list":{"0":"post-5672","1":"product","2":"type-product","3":"status-publish","4":"has-post-thumbnail","6":"product_cat-sistema-digestivo","7":"desktop-align-left","8":"tablet-align-left","9":"mobile-align-left","11":"first","12":"outofstock","13":"featured","14":"shipping-taxable","15":"purchasable","16":"product-type-simple"},"_links":{"self":[{"href":"https:\/\/naturalbotaniclaceiba.com\/index.php\/wp-json\/wp\/v2\/product\/5672","targetHints":{"allow":["GET"]}}],"collection":[{"href":"https:\/\/naturalbotaniclaceiba.com\/index.php\/wp-json\/wp\/v2\/product"}],"about":[{"href":"https:\/\/naturalbotaniclaceiba.com\/index.php\/wp-json\/wp\/v2\/types\/product"}],"wp:featuredmedia":[{"embeddable":true,"href":"https:\/\/naturalbotaniclaceiba.com\/index.php\/wp-json\/wp\/v2\/media\/5673"}],"wp:attachment":[{"href":"https:\/\/naturalbotaniclaceiba.com\/index.php\/wp-json\/wp\/v2\/media?parent=5672"}],"wp:term":[{"taxonomy":"product_brand","embeddable":true,"href":"https:\/\/naturalbotaniclaceiba.com\/index.php\/wp-json\/wp\/v2\/product_brand?post=5672"},{"taxonomy":"product_cat","embeddable":true,"href":"https:\/\/naturalbotaniclaceiba.com\/index.php\/wp-json\/wp\/v2\/product_cat?post=5672"},{"taxonomy":"product_tag","embeddable":true,"href":"https:\/\/naturalbotaniclaceiba.com\/index.php\/wp-json\/wp\/v2\/product_tag?post=5672"}],"curies":[{"name":"wp","href":"https:\/\/api.w.org\/{rel}","templated":true}]}}