{"id":5677,"date":"2023-08-11T03:37:55","date_gmt":"2023-08-11T03:37:55","guid":{"rendered":"https:\/\/naturalbotaniclaceiba.com\/?post_type=product&#038;p=5677"},"modified":"2025-04-13T17:26:35","modified_gmt":"2025-04-13T17:26:35","slug":"composor","status":"publish","type":"product","link":"https:\/\/naturalbotaniclaceiba.com\/index.php\/product\/composor\/","title":{"rendered":"Composor 16 &#8211; Sinusol Complex XXI"},"content":{"rendered":"<h3><b>Beneficios:<\/b><\/h3>\n<p>Composor 16 Sinusol Complex XXI es un nebulizador nasal constituido por una mezcla de extractos de plantas medicinales en una soluci\u00f3n que le otorga mayor biodisponibilidad.<\/p>\n<h3><b>Contraindicaciones:<\/b><\/h3>\n<ul>\n<li>Los complementos alimenticios no deben utilizarse como sustitutos de una dieta variada y equilibrada.<\/li>\n<li>No superar la dosis diaria expresamente recomendada.<\/li>\n<li>Mantener fuera del alcance de los ni\u00f1os m\u00e1s peque\u00f1os.<\/li>\n<\/ul>\n","protected":false},"excerpt":{"rendered":"<h3><\/h3>\n<h3><b>Ingredientes:<\/b><\/h3>\n<p>Agua, zumo de lim\u00f3n, extracto fluido de equin\u00e1cea (echinacea purpurea (l) moench, p. a\u00e9rea) (73 mg), gamma-ciclodextrinas (24,2 mg), extracto liofilizado de grosellero negro (ribes nigrum l, hoja) (21,8 mg), extracto liofilizado de prop\u00f3leo (propolis) (16 mg), alfa-ciclodextrinas (13,7 mg), cloruro s\u00f3dico, extracto liofilizado de salicaria (lythrum salicaria l, sum. florida) (10,6 mg), aceite esencial de menta (mentha piperita l, hoja) (1,6 mg), aceite esencial de tomillo (thymus vulgaris l, p. a\u00e9rea) (1,6 mg), conservador: cloruro de benzalconio.<\/p>\n<h3><b>Composici\u00f3n:<\/b><\/h3>\n<ul>\n<li>3,2 mg de aceite esencial.<\/li>\n<li>3,2 mg de flavonoides.<\/li>\n<\/ul>\n<h3><b>Presentaci\u00f3n:<\/b><\/h3>\n<p>Spray de 25 ml..<\/p>\n<h3><b>Dosis:<\/b><\/h3>\n<p>Adultos y mayores de 14 a\u00f1os: 1-2 aplicaciones cada 3-4 horas (1,6 mL\/d\u00eda).<\/p>\n<p>&nbsp;<\/p>\n","protected":false},"featured_media":5678,"template":"","meta":{"site-sidebar-layout":"default","site-content-layout":"default","ast-site-content-layout":"default","site-content-style":"default","site-sidebar-style":"default","ast-global-header-display":"","ast-banner-title-visibility":"","ast-main-header-display":"","ast-hfb-above-header-display":"","ast-hfb-below-header-display":"","ast-hfb-mobile-header-display":"","site-post-title":"","ast-breadcrumbs-content":"","ast-featured-img":"","footer-sml-layout":"","theme-transparent-header-meta":"default","adv-header-id-meta":"","stick-header-meta":"","header-above-stick-meta":"","header-main-stick-meta":"","header-below-stick-meta":"","astra-migrate-meta-layouts":"default","ast-page-background-enabled":"default","ast-page-background-meta":{"desktop":{"background-color":"","background-image":"","background-repeat":"repeat","background-position":"center center","background-size":"auto","background-attachment":"scroll","background-type":"","background-media":"","overlay-type":"","overlay-color":"","overlay-opacity":"","overlay-gradient":""},"tablet":{"background-color":"","background-image":"","background-repeat":"repeat","background-position":"center center","background-size":"auto","background-attachment":"scroll","background-type":"","background-media":"","overlay-type":"","overlay-color":"","overlay-opacity":"","overlay-gradient":""},"mobile":{"background-color":"","background-image":"","background-repeat":"repeat","background-position":"center center","background-size":"auto","background-attachment":"scroll","background-type":"","background-media":"","overlay-type":"","overlay-color":"","overlay-opacity":"","overlay-gradient":""}},"ast-content-background-meta":{"desktop":{"background-color":"var(--ast-global-color-5)","background-image":"","background-repeat":"repeat","background-position":"center center","background-size":"auto","background-attachment":"scroll","background-type":"","background-media":"","overlay-type":"","overlay-color":"","overlay-opacity":"","overlay-gradient":""},"tablet":{"background-color":"var(--ast-global-color-5)","background-image":"","background-repeat":"repeat","background-position":"center center","background-size":"auto","background-attachment":"scroll","background-type":"","background-media":"","overlay-type":"","overlay-color":"","overlay-opacity":"","overlay-gradient":""},"mobile":{"background-color":"var(--ast-global-color-5)","background-image":"","background-repeat":"repeat","background-position":"center center","background-size":"auto","background-attachment":"scroll","background-type":"","background-media":"","overlay-type":"","overlay-color":"","overlay-opacity":"","overlay-gradient":""}}},"product_brand":[],"product_cat":[35],"product_tag":[],"class_list":{"0":"post-5677","1":"product","2":"type-product","3":"status-publish","4":"has-post-thumbnail","6":"product_cat-sistema-respiratorio","7":"desktop-align-left","8":"tablet-align-left","9":"mobile-align-left","11":"first","12":"outofstock","13":"featured","14":"shipping-taxable","15":"purchasable","16":"product-type-simple"},"_links":{"self":[{"href":"https:\/\/naturalbotaniclaceiba.com\/index.php\/wp-json\/wp\/v2\/product\/5677","targetHints":{"allow":["GET"]}}],"collection":[{"href":"https:\/\/naturalbotaniclaceiba.com\/index.php\/wp-json\/wp\/v2\/product"}],"about":[{"href":"https:\/\/naturalbotaniclaceiba.com\/index.php\/wp-json\/wp\/v2\/types\/product"}],"wp:featuredmedia":[{"embeddable":true,"href":"https:\/\/naturalbotaniclaceiba.com\/index.php\/wp-json\/wp\/v2\/media\/5678"}],"wp:attachment":[{"href":"https:\/\/naturalbotaniclaceiba.com\/index.php\/wp-json\/wp\/v2\/media?parent=5677"}],"wp:term":[{"taxonomy":"product_brand","embeddable":true,"href":"https:\/\/naturalbotaniclaceiba.com\/index.php\/wp-json\/wp\/v2\/product_brand?post=5677"},{"taxonomy":"product_cat","embeddable":true,"href":"https:\/\/naturalbotaniclaceiba.com\/index.php\/wp-json\/wp\/v2\/product_cat?post=5677"},{"taxonomy":"product_tag","embeddable":true,"href":"https:\/\/naturalbotaniclaceiba.com\/index.php\/wp-json\/wp\/v2\/product_tag?post=5677"}],"curies":[{"name":"wp","href":"https:\/\/api.w.org\/{rel}","templated":true}]}}