{"id":5684,"date":"2023-08-11T03:54:23","date_gmt":"2023-08-11T03:54:23","guid":{"rendered":"https:\/\/naturalbotaniclaceiba.com\/?post_type=product&#038;p=5684"},"modified":"2024-10-12T04:34:48","modified_gmt":"2024-10-12T04:34:48","slug":"memory-plus","status":"publish","type":"product","link":"https:\/\/naturalbotaniclaceiba.com\/index.php\/product\/memory-plus\/","title":{"rendered":"Memory Plus"},"content":{"rendered":"<h3><b>Beneficios:<\/b><\/h3>\n<p><strong>MARNYS\u00ae Memory Plus<\/strong> cuyos ingredientes contribuyen al normal funcionamiento del sistema nervioso y cognitivo, y del metabolismo energ\u00e9tico. Disponible en <strong>dos formatos<\/strong>: c\u00e1psulas y viales bebibles.<\/p>\n<p><strong>MARNYS\u00ae MEMORY PLUS C\u00c1PSULAS <\/strong>es un complemento alimenticio formulado con <strong>Fosfatidilserina y Colina <\/strong>en forma de citrato.<\/p>\n<h3><b>Contraindicaciones:<\/b><\/h3>\n<ul>\n<li>Los complementos alimenticios no deben utilizarse como sustituto de una dieta equilibrada.<\/li>\n<li>Es recomendable seguir una dieta variada y equilibrada y un estilo de vida saludable.<\/li>\n<li>No superar la dosis diaria recomendada.<\/li>\n<li>Mantener fuera del alcance de los ni\u00f1os.<\/li>\n<li>No conservar a temperatura superior a 30\u00b0C.<\/li>\n<\/ul>\n","protected":false},"excerpt":{"rendered":"<h3><b>Ingredientes:<\/b><\/h3>\n<p>&nbsp;<\/p>\n<p>Agua desionizada, fructosa, fosfatidilserina IP-20 (lecitina de <strong>soja<\/strong> enriquecida con fosfatidilserina 20 %, az\u00facar y di\u00f3xido de silicio), concentrado en polvo de hojas de Ginkgo (<em>Ginkgo biloba<\/em>), nicotinamida (niacina), D-pantotenato c\u00e1lcico (\u00e1cido pantot\u00e9nico), clorhidrato de piridoxina (vitamina B6), riboflavina (vitamina B2), clorhidrato de tiamina (vitamina B1), glicerina vegetal, corrector de la acidez (\u00e1cido c\u00edtrico), esencia de an\u00eds, conservadores (sorbato pot\u00e1sico y benzoato s\u00f3dico)<\/p>\n<p><strong>ALERGENO: Contiene soja e ingredientes a base de soja.<\/strong><\/p>\n<h3><b>Composici\u00f3n:<\/b><\/h3>\n<ul>\n<li>Fosfatidilserina IP-20 100 mg<\/li>\n<li>Ginkgo (Ginkgo biloba)* 90 mg<\/li>\n<\/ul>\n<h3><b>Presentaci\u00f3n:<\/b><\/h3>\n<ul>\n<li>20 viales x 10 ml<\/li>\n<\/ul>\n<h3><b>Dosis:<\/b><\/h3>\n<div id=\"tab1\" class=\"active\">\n<ul>\n<li>Un vial al d\u00eda.<\/li>\n<li>Tomar en ayunas, diluido en un vaso de zumo durante periodos de 6 a 8 semanas.<\/li>\n<li>En caso necesario, se puede volver a repetir la toma recomendada.<\/li>\n<li>Agitar antes de usar.<\/li>\n<\/ul>\n<p>&nbsp;<\/p>\n<\/div>\n<p>&nbsp;<\/p>\n","protected":false},"featured_media":6081,"template":"","meta":{"site-sidebar-layout":"default","site-content-layout":"default","ast-site-content-layout":"default","site-content-style":"default","site-sidebar-style":"default","ast-global-header-display":"","ast-banner-title-visibility":"","ast-main-header-display":"","ast-hfb-above-header-display":"","ast-hfb-below-header-display":"","ast-hfb-mobile-header-display":"","site-post-title":"","ast-breadcrumbs-content":"","ast-featured-img":"","footer-sml-layout":"","theme-transparent-header-meta":"default","adv-header-id-meta":"","stick-header-meta":"","header-above-stick-meta":"","header-main-stick-meta":"","header-below-stick-meta":"","astra-migrate-meta-layouts":"default","ast-page-background-enabled":"default","ast-page-background-meta":{"desktop":{"background-color":"","background-image":"","background-repeat":"repeat","background-position":"center center","background-size":"auto","background-attachment":"scroll","background-type":"","background-media":"","overlay-type":"","overlay-color":"","overlay-opacity":"","overlay-gradient":""},"tablet":{"background-color":"","background-image":"","background-repeat":"repeat","background-position":"center center","background-size":"auto","background-attachment":"scroll","background-type":"","background-media":"","overlay-type":"","overlay-color":"","overlay-opacity":"","overlay-gradient":""},"mobile":{"background-color":"","background-image":"","background-repeat":"repeat","background-position":"center center","background-size":"auto","background-attachment":"scroll","background-type":"","background-media":"","overlay-type":"","overlay-color":"","overlay-opacity":"","overlay-gradient":""}},"ast-content-background-meta":{"desktop":{"background-color":"var(--ast-global-color-5)","background-image":"","background-repeat":"repeat","background-position":"center center","background-size":"auto","background-attachment":"scroll","background-type":"","background-media":"","overlay-type":"","overlay-color":"","overlay-opacity":"","overlay-gradient":""},"tablet":{"background-color":"var(--ast-global-color-5)","background-image":"","background-repeat":"repeat","background-position":"center center","background-size":"auto","background-attachment":"scroll","background-type":"","background-media":"","overlay-type":"","overlay-color":"","overlay-opacity":"","overlay-gradient":""},"mobile":{"background-color":"var(--ast-global-color-5)","background-image":"","background-repeat":"repeat","background-position":"center center","background-size":"auto","background-attachment":"scroll","background-type":"","background-media":"","overlay-type":"","overlay-color":"","overlay-opacity":"","overlay-gradient":""}}},"product_brand":[],"product_cat":[38,30,23],"product_tag":[],"class_list":{"0":"post-5684","1":"product","2":"type-product","3":"status-publish","4":"has-post-thumbnail","6":"product_cat-oxigenadores-cerebrales","7":"product_cat-suplementos-alimenticios","8":"product_cat-vitaminas","9":"desktop-align-left","10":"tablet-align-left","11":"mobile-align-left","13":"first","14":"instock","15":"featured","16":"shipping-taxable","17":"purchasable","18":"product-type-simple"},"_links":{"self":[{"href":"https:\/\/naturalbotaniclaceiba.com\/index.php\/wp-json\/wp\/v2\/product\/5684","targetHints":{"allow":["GET"]}}],"collection":[{"href":"https:\/\/naturalbotaniclaceiba.com\/index.php\/wp-json\/wp\/v2\/product"}],"about":[{"href":"https:\/\/naturalbotaniclaceiba.com\/index.php\/wp-json\/wp\/v2\/types\/product"}],"wp:featuredmedia":[{"embeddable":true,"href":"https:\/\/naturalbotaniclaceiba.com\/index.php\/wp-json\/wp\/v2\/media\/6081"}],"wp:attachment":[{"href":"https:\/\/naturalbotaniclaceiba.com\/index.php\/wp-json\/wp\/v2\/media?parent=5684"}],"wp:term":[{"taxonomy":"product_brand","embeddable":true,"href":"https:\/\/naturalbotaniclaceiba.com\/index.php\/wp-json\/wp\/v2\/product_brand?post=5684"},{"taxonomy":"product_cat","embeddable":true,"href":"https:\/\/naturalbotaniclaceiba.com\/index.php\/wp-json\/wp\/v2\/product_cat?post=5684"},{"taxonomy":"product_tag","embeddable":true,"href":"https:\/\/naturalbotaniclaceiba.com\/index.php\/wp-json\/wp\/v2\/product_tag?post=5684"}],"curies":[{"name":"wp","href":"https:\/\/api.w.org\/{rel}","templated":true}]}}