{"id":5739,"date":"2023-08-23T04:15:26","date_gmt":"2023-08-23T04:15:26","guid":{"rendered":"https:\/\/naturalbotaniclaceiba.com\/?post_type=product&#038;p=5739"},"modified":"2025-07-23T15:45:11","modified_gmt":"2025-07-23T15:45:11","slug":"geles-de-menta","status":"publish","type":"product","link":"https:\/\/naturalbotaniclaceiba.com\/index.php\/product\/geles-de-menta\/","title":{"rendered":"Geles de menta C\u00e1psulas blandas"},"content":{"rendered":"<h3><b>Beneficios:<\/b><\/h3>\n<p>Los herbolarios tradicionales han recomendado el aceite de menta durante siglos para favorecer una digesti\u00f3n saludable.* M\u00e1s recientemente, se ha descubierto que favorece la funci\u00f3n gastrointestinal normal.* Los geles de menta NOW \u00ae tienen una cubierta ent\u00e9rica para permitir el paso a trav\u00e9s del est\u00f3mago y su liberaci\u00f3n en los intestinos. donde puede ser \u00fatil para aliviar molestias intestinales menores ocasionales.<\/p>\n<h3><b>Contraindicaciones:<\/b><\/h3>\n<ul>\n<li>\u200bS\u00f3lo para adultos.<\/li>\n<li>No tome este producto si es al\u00e9rgico a la menta, el hinojo o el jengibre.<\/li>\n<li>No recomendado para mujeres embarazadas o lactantes.<\/li>\n<li>Consulte a su m\u00e9dico si est\u00e1 tomando medicamentos, si padece alguna enfermedad hep\u00e1tica o renal, o si tiene cualquier otra afecci\u00f3n m\u00e9dica.<\/li>\n<li>Mantener fuera del alcance de los ni\u00f1os.<\/li>\n<\/ul>\n<p>&nbsp;<\/p>\n","protected":false},"excerpt":{"rendered":"<h3><b>Ingredientes:<\/b><\/h3>\n<p>C\u00e1psula de gelatina blanda (gelatina, glicerina, agua, recubrimiento ent\u00e9rico, algarroba) y aceite de soja.<\/p>\n<h3><b>Composici\u00f3n:<\/b><\/h3>\n<div class=\"item hairline\">\n<p>&nbsp;<\/p>\n<p>Aceite de menta ( Mentha piperita )<\/p>\n<p>Aceite de jengibre ( Zingiber officinale )<\/p>\n<p>Aceite de hinojo ( Foeniculum vulgare )<\/p>\n<p>&nbsp;<\/p>\n<\/div>\n<h3><b>Presentaci\u00f3n:<\/b><\/h3>\n<ul>\n<li>90 c\u00e1psulas blandas<\/li>\n<\/ul>\n<h3><b>Dosis:<\/b><\/h3>\n<ul>\n<li id=\"tab1\" class=\"active\">Tomar 1-2 c\u00e1psulas blandas de 1 a 3 veces al d\u00eda, 30 minutos antes de las comidas.<\/li>\n<\/ul>\n<p>&nbsp;<\/p>\n","protected":false},"featured_media":5740,"template":"","meta":{"site-sidebar-layout":"default","site-content-layout":"default","ast-site-content-layout":"default","site-content-style":"default","site-sidebar-style":"default","ast-global-header-display":"","ast-banner-title-visibility":"","ast-main-header-display":"","ast-hfb-above-header-display":"","ast-hfb-below-header-display":"","ast-hfb-mobile-header-display":"","site-post-title":"","ast-breadcrumbs-content":"","ast-featured-img":"","footer-sml-layout":"","theme-transparent-header-meta":"default","adv-header-id-meta":"","stick-header-meta":"","header-above-stick-meta":"","header-main-stick-meta":"","header-below-stick-meta":"","astra-migrate-meta-layouts":"default","ast-page-background-enabled":"default","ast-page-background-meta":{"desktop":{"background-color":"","background-image":"","background-repeat":"repeat","background-position":"center center","background-size":"auto","background-attachment":"scroll","background-type":"","background-media":"","overlay-type":"","overlay-color":"","overlay-opacity":"","overlay-gradient":""},"tablet":{"background-color":"","background-image":"","background-repeat":"repeat","background-position":"center center","background-size":"auto","background-attachment":"scroll","background-type":"","background-media":"","overlay-type":"","overlay-color":"","overlay-opacity":"","overlay-gradient":""},"mobile":{"background-color":"","background-image":"","background-repeat":"repeat","background-position":"center center","background-size":"auto","background-attachment":"scroll","background-type":"","background-media":"","overlay-type":"","overlay-color":"","overlay-opacity":"","overlay-gradient":""}},"ast-content-background-meta":{"desktop":{"background-color":"var(--ast-global-color-5)","background-image":"","background-repeat":"repeat","background-position":"center center","background-size":"auto","background-attachment":"scroll","background-type":"","background-media":"","overlay-type":"","overlay-color":"","overlay-opacity":"","overlay-gradient":""},"tablet":{"background-color":"var(--ast-global-color-5)","background-image":"","background-repeat":"repeat","background-position":"center center","background-size":"auto","background-attachment":"scroll","background-type":"","background-media":"","overlay-type":"","overlay-color":"","overlay-opacity":"","overlay-gradient":""},"mobile":{"background-color":"var(--ast-global-color-5)","background-image":"","background-repeat":"repeat","background-position":"center center","background-size":"auto","background-attachment":"scroll","background-type":"","background-media":"","overlay-type":"","overlay-color":"","overlay-opacity":"","overlay-gradient":""}}},"product_brand":[],"product_cat":[34],"product_tag":[],"class_list":{"0":"post-5739","1":"product","2":"type-product","3":"status-publish","4":"has-post-thumbnail","6":"product_cat-sistema-digestivo","7":"desktop-align-left","8":"tablet-align-left","9":"mobile-align-left","11":"first","12":"outofstock","13":"featured","14":"shipping-taxable","15":"purchasable","16":"product-type-simple"},"_links":{"self":[{"href":"https:\/\/naturalbotaniclaceiba.com\/index.php\/wp-json\/wp\/v2\/product\/5739","targetHints":{"allow":["GET"]}}],"collection":[{"href":"https:\/\/naturalbotaniclaceiba.com\/index.php\/wp-json\/wp\/v2\/product"}],"about":[{"href":"https:\/\/naturalbotaniclaceiba.com\/index.php\/wp-json\/wp\/v2\/types\/product"}],"wp:featuredmedia":[{"embeddable":true,"href":"https:\/\/naturalbotaniclaceiba.com\/index.php\/wp-json\/wp\/v2\/media\/5740"}],"wp:attachment":[{"href":"https:\/\/naturalbotaniclaceiba.com\/index.php\/wp-json\/wp\/v2\/media?parent=5739"}],"wp:term":[{"taxonomy":"product_brand","embeddable":true,"href":"https:\/\/naturalbotaniclaceiba.com\/index.php\/wp-json\/wp\/v2\/product_brand?post=5739"},{"taxonomy":"product_cat","embeddable":true,"href":"https:\/\/naturalbotaniclaceiba.com\/index.php\/wp-json\/wp\/v2\/product_cat?post=5739"},{"taxonomy":"product_tag","embeddable":true,"href":"https:\/\/naturalbotaniclaceiba.com\/index.php\/wp-json\/wp\/v2\/product_tag?post=5739"}],"curies":[{"name":"wp","href":"https:\/\/api.w.org\/{rel}","templated":true}]}}