{"id":5782,"date":"2023-08-30T14:52:54","date_gmt":"2023-08-30T14:52:54","guid":{"rendered":"https:\/\/naturalbotaniclaceiba.com\/?post_type=product&#038;p=5782"},"modified":"2024-10-12T04:37:01","modified_gmt":"2024-10-12T04:37:01","slug":"levadura-de-cerveza","status":"publish","type":"product","link":"https:\/\/naturalbotaniclaceiba.com\/index.php\/product\/levadura-de-cerveza\/","title":{"rendered":"Levadura de Cerveza"},"content":{"rendered":"<h3><b>Beneficios:<\/b><\/h3>\n<p>La levadura de cerveza NOW \u00ae tiene varias vitaminas y minerales naturales, entre los que destaca la vitamina B. Adem\u00e1s, la levadura de cerveza ofrece otros componentes, como amino\u00e1cidos y betaglucanos. No se a\u00f1aden vitaminas sint\u00e9ticas a la levadura durante el procesamiento. NOW \u00ae Levadura de Cerveza es un aut\u00e9ntico complemento alimenticio integral.<\/p>\n<h3><b>Contraindicaciones:<\/b><\/h3>\n<ul>\n<li>\u200bS\u00f3lo para adultos.<\/li>\n<li>La levadura de cerveza tiene cantidades importantes de tiramina.<\/li>\n<li>Consulte a su m\u00e9dico si toma un inhibidor de la MAO u otro medicamento, si est\u00e1 embarazada o amamantando, o si tiene la enfermedad de Crohn u otra afecci\u00f3n m\u00e9dica.<\/li>\n<li>Mantener fuera del alcance de los ni\u00f1os.<\/li>\n<\/ul>\n<p>&nbsp;<\/p>\n","protected":false},"excerpt":{"rendered":"<h3><b>Ingredientes:<\/b><\/h3>\n<p>La levadura de cerveza tiene vitaminas B naturales como: tiamina (vitamina B-1), riboflavina (vitamina B-2), niacina, vitamina B-6, \u00e1cido f\u00f3lico, biotina y \u00e1cido pantot\u00e9nico.<\/p>\n<h3><b>Composici\u00f3n:<\/b><\/h3>\n<div class=\"item hairline\">\n<p>Hidroxipropilcelulosa, \u00e1cido este\u00e1rico (fuente vegetal), croscarmelosa s\u00f3dica, estearato de magnesio (fuente vegetal) y di\u00f3xido de silicio.<\/p>\n<\/div>\n<h3><b>Presentaci\u00f3n:<\/b><\/h3>\n<ul>\n<li>Tabletas.<\/li>\n<\/ul>\n<h3><b>Dosis:<\/b><\/h3>\n<ul>\n<li>Tomar 3 comprimidos 3 veces al d\u00eda con las comidas.<\/li>\n<\/ul>\n","protected":false},"featured_media":5783,"template":"","meta":{"site-sidebar-layout":"default","site-content-layout":"default","ast-site-content-layout":"default","site-content-style":"default","site-sidebar-style":"default","ast-global-header-display":"","ast-banner-title-visibility":"","ast-main-header-display":"","ast-hfb-above-header-display":"","ast-hfb-below-header-display":"","ast-hfb-mobile-header-display":"","site-post-title":"","ast-breadcrumbs-content":"","ast-featured-img":"","footer-sml-layout":"","theme-transparent-header-meta":"default","adv-header-id-meta":"","stick-header-meta":"","header-above-stick-meta":"","header-main-stick-meta":"","header-below-stick-meta":"","astra-migrate-meta-layouts":"default","ast-page-background-enabled":"default","ast-page-background-meta":{"desktop":{"background-color":"","background-image":"","background-repeat":"repeat","background-position":"center center","background-size":"auto","background-attachment":"scroll","background-type":"","background-media":"","overlay-type":"","overlay-color":"","overlay-opacity":"","overlay-gradient":""},"tablet":{"background-color":"","background-image":"","background-repeat":"repeat","background-position":"center center","background-size":"auto","background-attachment":"scroll","background-type":"","background-media":"","overlay-type":"","overlay-color":"","overlay-opacity":"","overlay-gradient":""},"mobile":{"background-color":"","background-image":"","background-repeat":"repeat","background-position":"center center","background-size":"auto","background-attachment":"scroll","background-type":"","background-media":"","overlay-type":"","overlay-color":"","overlay-opacity":"","overlay-gradient":""}},"ast-content-background-meta":{"desktop":{"background-color":"var(--ast-global-color-5)","background-image":"","background-repeat":"repeat","background-position":"center center","background-size":"auto","background-attachment":"scroll","background-type":"","background-media":"","overlay-type":"","overlay-color":"","overlay-opacity":"","overlay-gradient":""},"tablet":{"background-color":"var(--ast-global-color-5)","background-image":"","background-repeat":"repeat","background-position":"center center","background-size":"auto","background-attachment":"scroll","background-type":"","background-media":"","overlay-type":"","overlay-color":"","overlay-opacity":"","overlay-gradient":""},"mobile":{"background-color":"var(--ast-global-color-5)","background-image":"","background-repeat":"repeat","background-position":"center center","background-size":"auto","background-attachment":"scroll","background-type":"","background-media":"","overlay-type":"","overlay-color":"","overlay-opacity":"","overlay-gradient":""}}},"product_brand":[],"product_cat":[30,23],"product_tag":[],"class_list":{"0":"post-5782","1":"product","2":"type-product","3":"status-publish","4":"has-post-thumbnail","6":"product_cat-suplementos-alimenticios","7":"product_cat-vitaminas","8":"desktop-align-left","9":"tablet-align-left","10":"mobile-align-left","12":"first","13":"instock","14":"featured","15":"shipping-taxable","16":"purchasable","17":"product-type-simple"},"_links":{"self":[{"href":"https:\/\/naturalbotaniclaceiba.com\/index.php\/wp-json\/wp\/v2\/product\/5782","targetHints":{"allow":["GET"]}}],"collection":[{"href":"https:\/\/naturalbotaniclaceiba.com\/index.php\/wp-json\/wp\/v2\/product"}],"about":[{"href":"https:\/\/naturalbotaniclaceiba.com\/index.php\/wp-json\/wp\/v2\/types\/product"}],"wp:featuredmedia":[{"embeddable":true,"href":"https:\/\/naturalbotaniclaceiba.com\/index.php\/wp-json\/wp\/v2\/media\/5783"}],"wp:attachment":[{"href":"https:\/\/naturalbotaniclaceiba.com\/index.php\/wp-json\/wp\/v2\/media?parent=5782"}],"wp:term":[{"taxonomy":"product_brand","embeddable":true,"href":"https:\/\/naturalbotaniclaceiba.com\/index.php\/wp-json\/wp\/v2\/product_brand?post=5782"},{"taxonomy":"product_cat","embeddable":true,"href":"https:\/\/naturalbotaniclaceiba.com\/index.php\/wp-json\/wp\/v2\/product_cat?post=5782"},{"taxonomy":"product_tag","embeddable":true,"href":"https:\/\/naturalbotaniclaceiba.com\/index.php\/wp-json\/wp\/v2\/product_tag?post=5782"}],"curies":[{"name":"wp","href":"https:\/\/api.w.org\/{rel}","templated":true}]}}