{"id":5857,"date":"2023-09-21T19:20:50","date_gmt":"2023-09-21T19:20:50","guid":{"rendered":"https:\/\/naturalbotaniclaceiba.com\/?post_type=product&#038;p=5857"},"modified":"2025-05-16T15:13:04","modified_gmt":"2025-05-16T15:13:04","slug":"multivitaminico-infantil-pre-vites","status":"publish","type":"product","link":"https:\/\/naturalbotaniclaceiba.com\/index.php\/product\/multivitaminico-infantil-pre-vites\/","title":{"rendered":"Chewable Multivitam\u00ednico infantil Pre-Vites"},"content":{"rendered":"<h3><b>Beneficios:<\/b><\/h3>\n<p>Pre-Vites es el multivitam\u00ednico masticable para ni\u00f1os de gran sabor elaborado con sabores<br \/>\nnaturales. Esta deliciosa tableta con sabor a naranja proporciona a los ni\u00f1os activos y en<br \/>\ncrecimiento diez vitaminas esenciales para un crecimiento y desarrollo adecuados. \u00a1A las<br \/>\nmadres les encantar\u00e1 tomar vitaminas porque a sus hijos les encanta! \u00a1Sin preservativos<\/p>\n<h3><b>Contraindicaciones:<\/b><\/h3>\n<ul>\n<li>Almacenar en un lugar fresco y seco.<\/li>\n<\/ul>\n","protected":false},"excerpt":{"rendered":"<h3><b>Composici\u00f3n:<\/b><\/h3>\n<ul>\n<li>Vitamina A (como acetato de retinilo) 1250 UI 50 % 2500 UI 50 %<\/li>\n<li>Vitamina C (como \u00e1cido asc\u00f3rbico) 30 mg 75% 60 mg 100%<\/li>\n<li>Vitamina D (como colecalciferol) 200 UI 50 % 400 UI 100 %<\/li>\n<li>Vitamina e 7,5 UI 75 % 15 UI 50 %<\/li>\n<li>Tiamina 0,52 mg 74 % 1,05 mg 70 %<\/li>\n<li>(Vitamina B-1) (como mononitrato de tiamina)<\/li>\n<li>Riboflavina (Vitamina B-2) 0,6 mg 75% 1,2 mg 71%<\/li>\n<li>Niacina (como niacinamida) 6,75 mg 75 % 13,5 mg 68 %<\/li>\n<li>Vitamina B-6 0,52 mg 74 % 1,05 mg 53 %<\/li>\n<li>\u00c1cido f\u00f3lico 150 mcg 75% 300 mcg 75%<\/li>\n<li>Vitamina B12 2,25 mcg 75% 4,5 mcg 75%<\/li>\n<\/ul>\n<p>&nbsp;<\/p>\n<h3><b>Presentaci\u00f3n:<\/b><\/h3>\n<ul>\n<li>Contiene 100 tabletas<\/li>\n<\/ul>\n<h3><b>Dosis:<\/b><\/h3>\n<ul>\n<li>Para adultos y ni\u00f1os de 4 a\u00f1os en adelante, mastique una (1) oblea al d\u00eda,<br \/>\npreferiblemente con una comida. Para ni\u00f1os de 2 a 4 a\u00f1os de edad, mastique media (1\/2) oblea<br \/>\nal d\u00eda.<\/li>\n<\/ul>\n","protected":false},"featured_media":5860,"template":"","meta":{"site-sidebar-layout":"default","site-content-layout":"default","ast-site-content-layout":"default","site-content-style":"default","site-sidebar-style":"default","ast-global-header-display":"","ast-banner-title-visibility":"","ast-main-header-display":"","ast-hfb-above-header-display":"","ast-hfb-below-header-display":"","ast-hfb-mobile-header-display":"","site-post-title":"","ast-breadcrumbs-content":"","ast-featured-img":"","footer-sml-layout":"","theme-transparent-header-meta":"default","adv-header-id-meta":"","stick-header-meta":"","header-above-stick-meta":"","header-main-stick-meta":"","header-below-stick-meta":"","astra-migrate-meta-layouts":"default","ast-page-background-enabled":"default","ast-page-background-meta":{"desktop":{"background-color":"","background-image":"","background-repeat":"repeat","background-position":"center center","background-size":"auto","background-attachment":"scroll","background-type":"","background-media":"","overlay-type":"","overlay-color":"","overlay-opacity":"","overlay-gradient":""},"tablet":{"background-color":"","background-image":"","background-repeat":"repeat","background-position":"center center","background-size":"auto","background-attachment":"scroll","background-type":"","background-media":"","overlay-type":"","overlay-color":"","overlay-opacity":"","overlay-gradient":""},"mobile":{"background-color":"","background-image":"","background-repeat":"repeat","background-position":"center center","background-size":"auto","background-attachment":"scroll","background-type":"","background-media":"","overlay-type":"","overlay-color":"","overlay-opacity":"","overlay-gradient":""}},"ast-content-background-meta":{"desktop":{"background-color":"var(--ast-global-color-5)","background-image":"","background-repeat":"repeat","background-position":"center center","background-size":"auto","background-attachment":"scroll","background-type":"","background-media":"","overlay-type":"","overlay-color":"","overlay-opacity":"","overlay-gradient":""},"tablet":{"background-color":"var(--ast-global-color-5)","background-image":"","background-repeat":"repeat","background-position":"center center","background-size":"auto","background-attachment":"scroll","background-type":"","background-media":"","overlay-type":"","overlay-color":"","overlay-opacity":"","overlay-gradient":""},"mobile":{"background-color":"var(--ast-global-color-5)","background-image":"","background-repeat":"repeat","background-position":"center center","background-size":"auto","background-attachment":"scroll","background-type":"","background-media":"","overlay-type":"","overlay-color":"","overlay-opacity":"","overlay-gradient":""}}},"product_brand":[],"product_cat":[23],"product_tag":[],"class_list":{"0":"post-5857","1":"product","2":"type-product","3":"status-publish","4":"has-post-thumbnail","6":"product_cat-vitaminas","7":"desktop-align-left","8":"tablet-align-left","9":"mobile-align-left","11":"first","12":"outofstock","13":"featured","14":"shipping-taxable","15":"purchasable","16":"product-type-simple"},"_links":{"self":[{"href":"https:\/\/naturalbotaniclaceiba.com\/index.php\/wp-json\/wp\/v2\/product\/5857","targetHints":{"allow":["GET"]}}],"collection":[{"href":"https:\/\/naturalbotaniclaceiba.com\/index.php\/wp-json\/wp\/v2\/product"}],"about":[{"href":"https:\/\/naturalbotaniclaceiba.com\/index.php\/wp-json\/wp\/v2\/types\/product"}],"wp:featuredmedia":[{"embeddable":true,"href":"https:\/\/naturalbotaniclaceiba.com\/index.php\/wp-json\/wp\/v2\/media\/5860"}],"wp:attachment":[{"href":"https:\/\/naturalbotaniclaceiba.com\/index.php\/wp-json\/wp\/v2\/media?parent=5857"}],"wp:term":[{"taxonomy":"product_brand","embeddable":true,"href":"https:\/\/naturalbotaniclaceiba.com\/index.php\/wp-json\/wp\/v2\/product_brand?post=5857"},{"taxonomy":"product_cat","embeddable":true,"href":"https:\/\/naturalbotaniclaceiba.com\/index.php\/wp-json\/wp\/v2\/product_cat?post=5857"},{"taxonomy":"product_tag","embeddable":true,"href":"https:\/\/naturalbotaniclaceiba.com\/index.php\/wp-json\/wp\/v2\/product_tag?post=5857"}],"curies":[{"name":"wp","href":"https:\/\/api.w.org\/{rel}","templated":true}]}}