{"id":5882,"date":"2023-09-25T02:03:43","date_gmt":"2023-09-25T02:03:43","guid":{"rendered":"https:\/\/naturalbotaniclaceiba.com\/?post_type=product&#038;p=5882"},"modified":"2023-09-25T02:10:27","modified_gmt":"2023-09-25T02:10:27","slug":"vitamina-b-2-riboflavina","status":"publish","type":"product","link":"https:\/\/naturalbotaniclaceiba.com\/index.php\/product\/vitamina-b-2-riboflavina\/","title":{"rendered":"Vitamina B-2 (Riboflavina)"},"content":{"rendered":"<h3><b>Beneficios:<\/b><\/h3>\n<p>La riboflavina, conocida tambi\u00e9n como vitamina B2, es importante para el crecimiento, desarrollo y funcionamiento de las c\u00e9lulas del cuerpo. La riboflavina ayuda a convertir los alimentos consumidos por una persona en la energ\u00eda que necesita.<\/p>\n<h3><b>Contraindicaciones:<\/b><\/h3>\n<ul>\n<li>Si est\u00e1 embarazada, amamantando o tomando alg\u00fan medicamento, consulte a<br \/>\nsu m\u00e9dico antes de usarlo. Suspenda su uso y consulte a su m\u00e9dico si se produce alguna<br \/>\nreacci\u00f3n adversa. Mantener fuera del alcance de los ni\u00f1os. Guardar en un lugar fresco y seco.<br \/>\nNo lo use si el sello debajo de la tapa est\u00e1 roto o falta.<\/li>\n<\/ul>\n","protected":false},"excerpt":{"rendered":"<h3><b>Composici\u00f3n:<\/b><\/h3>\n<ul>\n<li>Riboflavina 100 mg 7,692% (Vitamina B-2)<\/li>\n<\/ul>\n<h3><b>Presentaci\u00f3n:<\/b><\/h3>\n<ul>\n<li>Tabletas<\/li>\n<\/ul>\n<h3><b>Dosis:<\/b><\/h3>\n<ul>\n<li>Para adultos, tomar una (1) tableta al d\u00eda, preferiblemente con una<\/li>\n<\/ul>\n","protected":false},"featured_media":5885,"template":"","meta":{"site-sidebar-layout":"default","site-content-layout":"default","ast-site-content-layout":"default","site-content-style":"default","site-sidebar-style":"default","ast-global-header-display":"","ast-banner-title-visibility":"","ast-main-header-display":"","ast-hfb-above-header-display":"","ast-hfb-below-header-display":"","ast-hfb-mobile-header-display":"","site-post-title":"","ast-breadcrumbs-content":"","ast-featured-img":"","footer-sml-layout":"","theme-transparent-header-meta":"default","adv-header-id-meta":"","stick-header-meta":"","header-above-stick-meta":"","header-main-stick-meta":"","header-below-stick-meta":"","astra-migrate-meta-layouts":"default","ast-page-background-enabled":"default","ast-page-background-meta":{"desktop":{"background-color":"","background-image":"","background-repeat":"repeat","background-position":"center center","background-size":"auto","background-attachment":"scroll","background-type":"","background-media":"","overlay-type":"","overlay-color":"","overlay-opacity":"","overlay-gradient":""},"tablet":{"background-color":"","background-image":"","background-repeat":"repeat","background-position":"center center","background-size":"auto","background-attachment":"scroll","background-type":"","background-media":"","overlay-type":"","overlay-color":"","overlay-opacity":"","overlay-gradient":""},"mobile":{"background-color":"","background-image":"","background-repeat":"repeat","background-position":"center center","background-size":"auto","background-attachment":"scroll","background-type":"","background-media":"","overlay-type":"","overlay-color":"","overlay-opacity":"","overlay-gradient":""}},"ast-content-background-meta":{"desktop":{"background-color":"var(--ast-global-color-5)","background-image":"","background-repeat":"repeat","background-position":"center center","background-size":"auto","background-attachment":"scroll","background-type":"","background-media":"","overlay-type":"","overlay-color":"","overlay-opacity":"","overlay-gradient":""},"tablet":{"background-color":"var(--ast-global-color-5)","background-image":"","background-repeat":"repeat","background-position":"center center","background-size":"auto","background-attachment":"scroll","background-type":"","background-media":"","overlay-type":"","overlay-color":"","overlay-opacity":"","overlay-gradient":""},"mobile":{"background-color":"var(--ast-global-color-5)","background-image":"","background-repeat":"repeat","background-position":"center center","background-size":"auto","background-attachment":"scroll","background-type":"","background-media":"","overlay-type":"","overlay-color":"","overlay-opacity":"","overlay-gradient":""}}},"product_brand":[],"product_cat":[23],"product_tag":[],"class_list":{"0":"post-5882","1":"product","2":"type-product","3":"status-publish","4":"has-post-thumbnail","6":"product_cat-vitaminas","7":"desktop-align-left","8":"tablet-align-left","9":"mobile-align-left","11":"first","12":"instock","13":"featured","14":"shipping-taxable","15":"purchasable","16":"product-type-simple"},"_links":{"self":[{"href":"https:\/\/naturalbotaniclaceiba.com\/index.php\/wp-json\/wp\/v2\/product\/5882","targetHints":{"allow":["GET"]}}],"collection":[{"href":"https:\/\/naturalbotaniclaceiba.com\/index.php\/wp-json\/wp\/v2\/product"}],"about":[{"href":"https:\/\/naturalbotaniclaceiba.com\/index.php\/wp-json\/wp\/v2\/types\/product"}],"wp:featuredmedia":[{"embeddable":true,"href":"https:\/\/naturalbotaniclaceiba.com\/index.php\/wp-json\/wp\/v2\/media\/5885"}],"wp:attachment":[{"href":"https:\/\/naturalbotaniclaceiba.com\/index.php\/wp-json\/wp\/v2\/media?parent=5882"}],"wp:term":[{"taxonomy":"product_brand","embeddable":true,"href":"https:\/\/naturalbotaniclaceiba.com\/index.php\/wp-json\/wp\/v2\/product_brand?post=5882"},{"taxonomy":"product_cat","embeddable":true,"href":"https:\/\/naturalbotaniclaceiba.com\/index.php\/wp-json\/wp\/v2\/product_cat?post=5882"},{"taxonomy":"product_tag","embeddable":true,"href":"https:\/\/naturalbotaniclaceiba.com\/index.php\/wp-json\/wp\/v2\/product_tag?post=5882"}],"curies":[{"name":"wp","href":"https:\/\/api.w.org\/{rel}","templated":true}]}}