{"id":5900,"date":"2023-09-25T11:38:52","date_gmt":"2023-09-25T11:38:52","guid":{"rendered":"https:\/\/naturalbotaniclaceiba.com\/?post_type=product&#038;p=5900"},"modified":"2025-08-07T14:49:18","modified_gmt":"2025-08-07T14:49:18","slug":"super-snooze","status":"publish","type":"product","link":"https:\/\/naturalbotaniclaceiba.com\/index.php\/product\/super-snooze\/","title":{"rendered":"Super Snooze"},"content":{"rendered":"<h3><b>Beneficios:<\/b><\/h3>\n<p>Super Snooze with Melatonin funciona en armon\u00eda con su ciclo de sue\u00f1o<br \/>\nnatural para brindarle el descanso tranquilo que se merece para que pueda<br \/>\ndespertar sinti\u00e9ndose renovado.<\/p>\n<p>Funciona en armon\u00eda con su ciclo de sue\u00f1o natural para brindarle el<br \/>\ndescanso tranquilo que se merece para que pueda despertar sinti\u00e9ndose<br \/>\nrenovado. Es perfecto para las personas que experimentan insomnio ocasional,<br \/>\naquellos con desfase horario o cualquiera que busque mejorar su calidad de<br \/>\ndescanso.<\/p>\n<p>&nbsp;<\/p>\n<h3><b>Contraindicaciones:<\/b><\/h3>\n<ul>\n<li>Si est\u00e1 embarazada, amamantando, tomando alg\u00fan<br \/>\nmedicamento o tiene alguna condici\u00f3n m\u00e9dica, consulte a su m\u00e9dico antes de usar.<br \/>\nSuspenda su uso y consulte a su m\u00e9dico si se produce alguna reacci\u00f3n adversa.<br \/>\nMantener fuera del alcance de los ni\u00f1os. Almacenar a temperatura ambiente.<\/li>\n<\/ul>\n","protected":false},"excerpt":{"rendered":"<h3><b>Composici\u00f3n:<\/b><\/h3>\n<p>Calcio 50 mg 5%<br \/>\n(como carbonato de calcio)<br \/>\nMagnesio 25 mg 6%<br \/>\n(como \u00f3xido de magnesio)<br \/>\nRa\u00edz de valeriana 100 mg **<br \/>\n(Valeriana officinalis)<br \/>\nL\u00fapulo 50 mg **<br \/>\n(Humulus lupulus) (flor)<br \/>\nManzanilla 50 mg **(Matricaria recutita) (flor)<br \/>\nflor de la pasi\u00f3n 25 mg**<br \/>\n(Passiflora incarnata) (a\u00e9rea)<br \/>\ntaurina 50 mg **<br \/>\nmelatonina 5 mg**<\/p>\n<h3><b>Presentaci\u00f3n:<\/b><\/h3>\n<ul>\n<li>Capsulas<\/li>\n<\/ul>\n<h3><b>Dosis:<\/b><\/h3>\n<ul>\n<li>Para adultos, tome una (1) c\u00e1psula blanda al d\u00eda,<br \/>\npreferiblemente con una comida.<\/li>\n<\/ul>\n","protected":false},"featured_media":5901,"template":"","meta":{"site-sidebar-layout":"default","site-content-layout":"default","ast-site-content-layout":"default","site-content-style":"default","site-sidebar-style":"default","ast-global-header-display":"","ast-banner-title-visibility":"","ast-main-header-display":"","ast-hfb-above-header-display":"","ast-hfb-below-header-display":"","ast-hfb-mobile-header-display":"","site-post-title":"","ast-breadcrumbs-content":"","ast-featured-img":"","footer-sml-layout":"","theme-transparent-header-meta":"default","adv-header-id-meta":"","stick-header-meta":"","header-above-stick-meta":"","header-main-stick-meta":"","header-below-stick-meta":"","astra-migrate-meta-layouts":"default","ast-page-background-enabled":"default","ast-page-background-meta":{"desktop":{"background-color":"","background-image":"","background-repeat":"repeat","background-position":"center center","background-size":"auto","background-attachment":"scroll","background-type":"","background-media":"","overlay-type":"","overlay-color":"","overlay-opacity":"","overlay-gradient":""},"tablet":{"background-color":"","background-image":"","background-repeat":"repeat","background-position":"center center","background-size":"auto","background-attachment":"scroll","background-type":"","background-media":"","overlay-type":"","overlay-color":"","overlay-opacity":"","overlay-gradient":""},"mobile":{"background-color":"","background-image":"","background-repeat":"repeat","background-position":"center center","background-size":"auto","background-attachment":"scroll","background-type":"","background-media":"","overlay-type":"","overlay-color":"","overlay-opacity":"","overlay-gradient":""}},"ast-content-background-meta":{"desktop":{"background-color":"var(--ast-global-color-5)","background-image":"","background-repeat":"repeat","background-position":"center center","background-size":"auto","background-attachment":"scroll","background-type":"","background-media":"","overlay-type":"","overlay-color":"","overlay-opacity":"","overlay-gradient":""},"tablet":{"background-color":"var(--ast-global-color-5)","background-image":"","background-repeat":"repeat","background-position":"center center","background-size":"auto","background-attachment":"scroll","background-type":"","background-media":"","overlay-type":"","overlay-color":"","overlay-opacity":"","overlay-gradient":""},"mobile":{"background-color":"var(--ast-global-color-5)","background-image":"","background-repeat":"repeat","background-position":"center center","background-size":"auto","background-attachment":"scroll","background-type":"","background-media":"","overlay-type":"","overlay-color":"","overlay-opacity":"","overlay-gradient":""}}},"product_brand":[],"product_cat":[33],"product_tag":[],"class_list":{"0":"post-5900","1":"product","2":"type-product","3":"status-publish","4":"has-post-thumbnail","6":"product_cat-sueno","7":"desktop-align-left","8":"tablet-align-left","9":"mobile-align-left","11":"first","12":"outofstock","13":"featured","14":"shipping-taxable","15":"purchasable","16":"product-type-simple"},"_links":{"self":[{"href":"https:\/\/naturalbotaniclaceiba.com\/index.php\/wp-json\/wp\/v2\/product\/5900","targetHints":{"allow":["GET"]}}],"collection":[{"href":"https:\/\/naturalbotaniclaceiba.com\/index.php\/wp-json\/wp\/v2\/product"}],"about":[{"href":"https:\/\/naturalbotaniclaceiba.com\/index.php\/wp-json\/wp\/v2\/types\/product"}],"wp:featuredmedia":[{"embeddable":true,"href":"https:\/\/naturalbotaniclaceiba.com\/index.php\/wp-json\/wp\/v2\/media\/5901"}],"wp:attachment":[{"href":"https:\/\/naturalbotaniclaceiba.com\/index.php\/wp-json\/wp\/v2\/media?parent=5900"}],"wp:term":[{"taxonomy":"product_brand","embeddable":true,"href":"https:\/\/naturalbotaniclaceiba.com\/index.php\/wp-json\/wp\/v2\/product_brand?post=5900"},{"taxonomy":"product_cat","embeddable":true,"href":"https:\/\/naturalbotaniclaceiba.com\/index.php\/wp-json\/wp\/v2\/product_cat?post=5900"},{"taxonomy":"product_tag","embeddable":true,"href":"https:\/\/naturalbotaniclaceiba.com\/index.php\/wp-json\/wp\/v2\/product_tag?post=5900"}],"curies":[{"name":"wp","href":"https:\/\/api.w.org\/{rel}","templated":true}]}}