{"id":5941,"date":"2023-09-25T14:14:16","date_gmt":"2023-09-25T14:14:16","guid":{"rendered":"https:\/\/naturalbotaniclaceiba.com\/?post_type=product&#038;p=5941"},"modified":"2025-05-15T16:28:50","modified_gmt":"2025-05-15T16:28:50","slug":"l-carnitine","status":"publish","type":"product","link":"https:\/\/naturalbotaniclaceiba.com\/index.php\/product\/l-carnitine\/","title":{"rendered":"L-Carnitine"},"content":{"rendered":"<h3><b>Beneficios:<\/b><\/h3>\n<p>L-Carnitine promueve la energ\u00eda muscular. Ayuda con el metabolismo de las<br \/>\ngrasas. Son c\u00e1psulas aptas para vegetarianos. Ayuda al cuerpo a utilizar las<br \/>\nreservas de energ\u00eda para alimentar las contracciones musculares<br \/>\nproporcionando apoyo para el ejercicio de resistencia y durante la<br \/>\nrecuperaci\u00f3n del ejercicio de alta intensidad. Tu coraz\u00f3n, que es el m\u00fasculo<br \/>\nm\u00e1s importante de tu cuerpo, depende especialmente de la carnitina para la<br \/>\nproducci\u00f3n de energ\u00eda a partir de la grasa. Los vegetarianos son m\u00e1s<br \/>\npropensos que los comedores de carne a tener una menor ingesta diet\u00e9tica<br \/>\nde carnitina, por lo que complementar con estas c\u00e1psulas aptas para<br \/>\nvegetarianos es una gran manera de satisfacer las necesidades energ\u00e9ticas<br \/>\nde tu cuerpo todos los<\/p>\n<ul>\n<li>Proporciona apoyo para el metabolismo de las grasas.<\/li>\n<li>Soporte antioxidante*.<\/li>\n<li>Ayuda al cuerpo a utilizar las reservas de energ\u00eda.<\/li>\n<\/ul>\n<h3><b>Contraindicaciones:<\/b><\/h3>\n<p>Si est\u00e1 embarazada, amamantando, tomando alg\u00fan<br \/>\nmedicamento o tiene alguna condici\u00f3n m\u00e9dica, consulte a su m\u00e9dico antes de usar.<br \/>\nSuspenda su uso y consulte a su m\u00e9dico si se produce alguna reacci\u00f3n adversa.<br \/>\nMantener fuera del alcance de los ni\u00f1os. Almacenar a temperatura ambiente.<\/p>\n","protected":false},"excerpt":{"rendered":"<h3><b>Composici\u00f3n:<\/b><\/h3>\n<h3><\/h3>\n<h3><b>Presentaci\u00f3n:<\/b><\/h3>\n<ul>\n<li>Capsulas<\/li>\n<\/ul>\n<h3><b>Dosis:<\/b><\/h3>\n<ul>\n<li>Para adultos, tome dos (2) c\u00e1psulas una vez al d\u00eda seg\u00fan sea<br \/>\nnecesario o al acostarse, ya que el 5-HTP puede producir somnolencia. Si<br \/>\nexperimenta sensibilidad estomacal, t\u00f3melo con alimentos.<\/li>\n<\/ul>\n","protected":false},"featured_media":5942,"template":"","meta":{"site-sidebar-layout":"default","site-content-layout":"default","ast-site-content-layout":"default","site-content-style":"default","site-sidebar-style":"default","ast-global-header-display":"","ast-banner-title-visibility":"","ast-main-header-display":"","ast-hfb-above-header-display":"","ast-hfb-below-header-display":"","ast-hfb-mobile-header-display":"","site-post-title":"","ast-breadcrumbs-content":"","ast-featured-img":"","footer-sml-layout":"","theme-transparent-header-meta":"default","adv-header-id-meta":"","stick-header-meta":"","header-above-stick-meta":"","header-main-stick-meta":"","header-below-stick-meta":"","astra-migrate-meta-layouts":"default","ast-page-background-enabled":"default","ast-page-background-meta":{"desktop":{"background-color":"","background-image":"","background-repeat":"repeat","background-position":"center center","background-size":"auto","background-attachment":"scroll","background-type":"","background-media":"","overlay-type":"","overlay-color":"","overlay-opacity":"","overlay-gradient":""},"tablet":{"background-color":"","background-image":"","background-repeat":"repeat","background-position":"center center","background-size":"auto","background-attachment":"scroll","background-type":"","background-media":"","overlay-type":"","overlay-color":"","overlay-opacity":"","overlay-gradient":""},"mobile":{"background-color":"","background-image":"","background-repeat":"repeat","background-position":"center center","background-size":"auto","background-attachment":"scroll","background-type":"","background-media":"","overlay-type":"","overlay-color":"","overlay-opacity":"","overlay-gradient":""}},"ast-content-background-meta":{"desktop":{"background-color":"var(--ast-global-color-5)","background-image":"","background-repeat":"repeat","background-position":"center center","background-size":"auto","background-attachment":"scroll","background-type":"","background-media":"","overlay-type":"","overlay-color":"","overlay-opacity":"","overlay-gradient":""},"tablet":{"background-color":"var(--ast-global-color-5)","background-image":"","background-repeat":"repeat","background-position":"center center","background-size":"auto","background-attachment":"scroll","background-type":"","background-media":"","overlay-type":"","overlay-color":"","overlay-opacity":"","overlay-gradient":""},"mobile":{"background-color":"var(--ast-global-color-5)","background-image":"","background-repeat":"repeat","background-position":"center center","background-size":"auto","background-attachment":"scroll","background-type":"","background-media":"","overlay-type":"","overlay-color":"","overlay-opacity":"","overlay-gradient":""}}},"product_brand":[],"product_cat":[25],"product_tag":[],"class_list":{"0":"post-5941","1":"product","2":"type-product","3":"status-publish","4":"has-post-thumbnail","6":"product_cat-aminoacidos","7":"desktop-align-left","8":"tablet-align-left","9":"mobile-align-left","11":"first","12":"outofstock","13":"featured","14":"shipping-taxable","15":"purchasable","16":"product-type-simple"},"_links":{"self":[{"href":"https:\/\/naturalbotaniclaceiba.com\/index.php\/wp-json\/wp\/v2\/product\/5941","targetHints":{"allow":["GET"]}}],"collection":[{"href":"https:\/\/naturalbotaniclaceiba.com\/index.php\/wp-json\/wp\/v2\/product"}],"about":[{"href":"https:\/\/naturalbotaniclaceiba.com\/index.php\/wp-json\/wp\/v2\/types\/product"}],"wp:featuredmedia":[{"embeddable":true,"href":"https:\/\/naturalbotaniclaceiba.com\/index.php\/wp-json\/wp\/v2\/media\/5942"}],"wp:attachment":[{"href":"https:\/\/naturalbotaniclaceiba.com\/index.php\/wp-json\/wp\/v2\/media?parent=5941"}],"wp:term":[{"taxonomy":"product_brand","embeddable":true,"href":"https:\/\/naturalbotaniclaceiba.com\/index.php\/wp-json\/wp\/v2\/product_brand?post=5941"},{"taxonomy":"product_cat","embeddable":true,"href":"https:\/\/naturalbotaniclaceiba.com\/index.php\/wp-json\/wp\/v2\/product_cat?post=5941"},{"taxonomy":"product_tag","embeddable":true,"href":"https:\/\/naturalbotaniclaceiba.com\/index.php\/wp-json\/wp\/v2\/product_tag?post=5941"}],"curies":[{"name":"wp","href":"https:\/\/api.w.org\/{rel}","templated":true}]}}