{"id":5994,"date":"2023-10-07T14:46:34","date_gmt":"2023-10-07T14:46:34","guid":{"rendered":"https:\/\/naturalbotaniclaceiba.com\/?post_type=product&#038;p=5994"},"modified":"2023-10-07T14:58:07","modified_gmt":"2023-10-07T14:58:07","slug":"te-chupa-panza-original","status":"publish","type":"product","link":"https:\/\/naturalbotaniclaceiba.com\/index.php\/product\/te-chupa-panza-original\/","title":{"rendered":"T\u00e9 Chupa Panza Original"},"content":{"rendered":"<h3><b>Beneficios:<\/b><\/h3>\n<p>Como ver\u00e1s el t\u00e9 chupa panza tiene varias propiedades ben\u00e9ficas para ofrecernos, as\u00ed que te<br \/>\ndiremos qu\u00e9 beneficios tiene y en qu\u00e9 ocasiones ser\u00eda buena opci\u00f3n su consumo.<br \/>\nAuxiliar en la p\u00e9rdida de peso.<\/p>\n<ul>\n<li>Disminuye tallas.<\/li>\n<li>Acelera el metabolismo, gracias a que aumentan el calor corporal durante la digesti\u00f3n.<\/li>\n<li>Problemas de estre\u00f1imiento.<\/li>\n<li>Mejora la mala digesti\u00f3n.<\/li>\n<li>Auxiliar en casos de intestino perezoso.<\/li>\n<li>Limpia profundamente el col\u00f3n.<\/li>\n<li>Reduce el riesgo de desarrollar c\u00e1ncer colorrectal.<\/li>\n<li>Disminuye la hinchaz\u00f3n en el cuerpo.<\/li>\n<li>Evita la retenci\u00f3n de l\u00edquidos.<\/li>\n<li>Desinflama vientre abultado.<\/li>\n<li>Desintoxica tu cuerpo.<\/li>\n<li>Combate los radicales libres que son los responsables de envejecer tu cuerpo.<\/li>\n<li>Evita un aumento de colesterol y triglic\u00e9ridos.<\/li>\n<\/ul>\n<h3><b>Contraindicaciones:<\/b><\/h3>\n<ul>\n<li>Consulta a tu m\u00e9dico antes de usar o tomar cualquier suplemento alimenticio.<\/li>\n<li>No se consuma durante el embarazo o la lactancia.<\/li>\n<li>No se consuma por menores de edad.<\/li>\n<li>No se consuma si es intolerante a los ingredientes de la f\u00f3rmula.<\/li>\n<li>Mantener en un lugar fresco y seco.<\/li>\n<li>El consumo de este producto es responsabilidad de quien lo usa y de quien lo recomienda.<\/li>\n<li>Este producto no es un medicamento.<\/li>\n<\/ul>\n<p>&nbsp;<\/p>\n<p>&nbsp;<\/p>\n<p>&nbsp;<\/p>\n","protected":false},"excerpt":{"rendered":"<h3><b>Composici\u00f3n:<\/b><\/h3>\n<p>Ra\u00edz de Jengibre, Pulpa del fruto de pi\u00f1a, Semilla de linaza y Corteza de las ramas de canela.<\/p>\n<h3><b>Presentaci\u00f3n:<\/b><\/h3>\n<ul>\n<li>Contiene 30 sobres<\/li>\n<\/ul>\n<h3><b>Dosis:<\/b><\/h3>\n<ul>\n<li>Colocar agua caliente a 65% aproximadamente en una taza de agua y colocar el sobre de t\u00e9.<\/li>\n<li>Esperar de 3 a 5 minutos.<\/li>\n<li>Endulce con miel az\u00facar o un sustituto de estas.<\/li>\n<\/ul>\n","protected":false},"featured_media":5995,"template":"","meta":{"site-sidebar-layout":"default","site-content-layout":"default","ast-site-content-layout":"default","site-content-style":"default","site-sidebar-style":"default","ast-global-header-display":"","ast-banner-title-visibility":"","ast-main-header-display":"","ast-hfb-above-header-display":"","ast-hfb-below-header-display":"","ast-hfb-mobile-header-display":"","site-post-title":"","ast-breadcrumbs-content":"","ast-featured-img":"","footer-sml-layout":"","theme-transparent-header-meta":"default","adv-header-id-meta":"","stick-header-meta":"","header-above-stick-meta":"","header-main-stick-meta":"","header-below-stick-meta":"","astra-migrate-meta-layouts":"default","ast-page-background-enabled":"default","ast-page-background-meta":{"desktop":{"background-color":"","background-image":"","background-repeat":"repeat","background-position":"center center","background-size":"auto","background-attachment":"scroll","background-type":"","background-media":"","overlay-type":"","overlay-color":"","overlay-opacity":"","overlay-gradient":""},"tablet":{"background-color":"","background-image":"","background-repeat":"repeat","background-position":"center center","background-size":"auto","background-attachment":"scroll","background-type":"","background-media":"","overlay-type":"","overlay-color":"","overlay-opacity":"","overlay-gradient":""},"mobile":{"background-color":"","background-image":"","background-repeat":"repeat","background-position":"center center","background-size":"auto","background-attachment":"scroll","background-type":"","background-media":"","overlay-type":"","overlay-color":"","overlay-opacity":"","overlay-gradient":""}},"ast-content-background-meta":{"desktop":{"background-color":"var(--ast-global-color-5)","background-image":"","background-repeat":"repeat","background-position":"center center","background-size":"auto","background-attachment":"scroll","background-type":"","background-media":"","overlay-type":"","overlay-color":"","overlay-opacity":"","overlay-gradient":""},"tablet":{"background-color":"var(--ast-global-color-5)","background-image":"","background-repeat":"repeat","background-position":"center center","background-size":"auto","background-attachment":"scroll","background-type":"","background-media":"","overlay-type":"","overlay-color":"","overlay-opacity":"","overlay-gradient":""},"mobile":{"background-color":"var(--ast-global-color-5)","background-image":"","background-repeat":"repeat","background-position":"center center","background-size":"auto","background-attachment":"scroll","background-type":"","background-media":"","overlay-type":"","overlay-color":"","overlay-opacity":"","overlay-gradient":""}}},"product_brand":[],"product_cat":[28,51],"product_tag":[],"class_list":{"0":"post-5994","1":"product","2":"type-product","3":"status-publish","4":"has-post-thumbnail","6":"product_cat-adelgazar","7":"product_cat-herbolaria-te","8":"desktop-align-left","9":"tablet-align-left","10":"mobile-align-left","12":"first","13":"instock","14":"featured","15":"shipping-taxable","16":"purchasable","17":"product-type-simple"},"_links":{"self":[{"href":"https:\/\/naturalbotaniclaceiba.com\/index.php\/wp-json\/wp\/v2\/product\/5994","targetHints":{"allow":["GET"]}}],"collection":[{"href":"https:\/\/naturalbotaniclaceiba.com\/index.php\/wp-json\/wp\/v2\/product"}],"about":[{"href":"https:\/\/naturalbotaniclaceiba.com\/index.php\/wp-json\/wp\/v2\/types\/product"}],"wp:featuredmedia":[{"embeddable":true,"href":"https:\/\/naturalbotaniclaceiba.com\/index.php\/wp-json\/wp\/v2\/media\/5995"}],"wp:attachment":[{"href":"https:\/\/naturalbotaniclaceiba.com\/index.php\/wp-json\/wp\/v2\/media?parent=5994"}],"wp:term":[{"taxonomy":"product_brand","embeddable":true,"href":"https:\/\/naturalbotaniclaceiba.com\/index.php\/wp-json\/wp\/v2\/product_brand?post=5994"},{"taxonomy":"product_cat","embeddable":true,"href":"https:\/\/naturalbotaniclaceiba.com\/index.php\/wp-json\/wp\/v2\/product_cat?post=5994"},{"taxonomy":"product_tag","embeddable":true,"href":"https:\/\/naturalbotaniclaceiba.com\/index.php\/wp-json\/wp\/v2\/product_tag?post=5994"}],"curies":[{"name":"wp","href":"https:\/\/api.w.org\/{rel}","templated":true}]}}