{"id":6063,"date":"2023-11-03T00:41:39","date_gmt":"2023-11-03T00:41:39","guid":{"rendered":"https:\/\/naturalbotaniclaceiba.com\/?post_type=product&#038;p=6063"},"modified":"2025-03-04T18:20:39","modified_gmt":"2025-03-04T18:20:39","slug":"circul-gran-plus","status":"publish","type":"product","link":"https:\/\/naturalbotaniclaceiba.com\/index.php\/product\/circul-gran-plus\/","title":{"rendered":"Circul Gran Plus"},"content":{"rendered":"<h3><b>Beneficios:<\/b><\/h3>\n<p>Suplemento herbal que nutre el sistema circulatorio, ayuda a mejorar la circulaci\u00f3n<br \/>\nsangu\u00ednea, dilatan los vasos capilares regula el nivel de presi\u00f3n sangu\u00ednea y previene el<br \/>\npadecimiento de enfermedades cardiovasculares.<\/p>\n<h3><b>Contraindicaciones:<\/b><\/h3>\n<ul>\n<li>Mujeres embarazadas, consultar al m\u00e9dico.<\/li>\n<li>No dejar este producto al alcance de ni\u00f1os y mantener el lugar fresco y seco.<\/li>\n<\/ul>\n","protected":false},"excerpt":{"rendered":"<h3><b>Composici\u00f3n:<\/b><\/h3>\n<ul>\n<li>Ajo, jengibre, frengreco, Ginkgo biloba, Gotu Kola, mu\u00e9rdago, cola de caballo, lecitina de<br \/>\nsoya, \u00e1cido c\u00edtrico, \u00e1cido tart\u00e1rico, levadura<\/li>\n<\/ul>\n<h3><b>Presentaci\u00f3n:<\/b><\/h3>\n<ul>\n<li>100 c\u00e1psulas<\/li>\n<\/ul>\n<h3><b>Dosis:<\/b><\/h3>\n<ul>\n<li>Tomar una c\u00e1psula tres veces al d\u00eda antes o despu\u00e9s de las comidas.<\/li>\n<\/ul>\n","protected":false},"featured_media":6064,"template":"","meta":{"site-sidebar-layout":"default","site-content-layout":"default","ast-site-content-layout":"default","site-content-style":"default","site-sidebar-style":"default","ast-global-header-display":"","ast-banner-title-visibility":"","ast-main-header-display":"","ast-hfb-above-header-display":"","ast-hfb-below-header-display":"","ast-hfb-mobile-header-display":"","site-post-title":"","ast-breadcrumbs-content":"","ast-featured-img":"","footer-sml-layout":"","theme-transparent-header-meta":"default","adv-header-id-meta":"","stick-header-meta":"","header-above-stick-meta":"","header-main-stick-meta":"","header-below-stick-meta":"","astra-migrate-meta-layouts":"default","ast-page-background-enabled":"default","ast-page-background-meta":{"desktop":{"background-color":"","background-image":"","background-repeat":"repeat","background-position":"center center","background-size":"auto","background-attachment":"scroll","background-type":"","background-media":"","overlay-type":"","overlay-color":"","overlay-opacity":"","overlay-gradient":""},"tablet":{"background-color":"","background-image":"","background-repeat":"repeat","background-position":"center center","background-size":"auto","background-attachment":"scroll","background-type":"","background-media":"","overlay-type":"","overlay-color":"","overlay-opacity":"","overlay-gradient":""},"mobile":{"background-color":"","background-image":"","background-repeat":"repeat","background-position":"center center","background-size":"auto","background-attachment":"scroll","background-type":"","background-media":"","overlay-type":"","overlay-color":"","overlay-opacity":"","overlay-gradient":""}},"ast-content-background-meta":{"desktop":{"background-color":"var(--ast-global-color-5)","background-image":"","background-repeat":"repeat","background-position":"center center","background-size":"auto","background-attachment":"scroll","background-type":"","background-media":"","overlay-type":"","overlay-color":"","overlay-opacity":"","overlay-gradient":""},"tablet":{"background-color":"var(--ast-global-color-5)","background-image":"","background-repeat":"repeat","background-position":"center center","background-size":"auto","background-attachment":"scroll","background-type":"","background-media":"","overlay-type":"","overlay-color":"","overlay-opacity":"","overlay-gradient":""},"mobile":{"background-color":"var(--ast-global-color-5)","background-image":"","background-repeat":"repeat","background-position":"center center","background-size":"auto","background-attachment":"scroll","background-type":"","background-media":"","overlay-type":"","overlay-color":"","overlay-opacity":"","overlay-gradient":""}}},"product_brand":[],"product_cat":[58],"product_tag":[],"class_list":{"0":"post-6063","1":"product","2":"type-product","3":"status-publish","4":"has-post-thumbnail","6":"product_cat-sistema-circulatorio","7":"desktop-align-left","8":"tablet-align-left","9":"mobile-align-left","11":"first","12":"instock","13":"featured","14":"shipping-taxable","15":"purchasable","16":"product-type-simple"},"_links":{"self":[{"href":"https:\/\/naturalbotaniclaceiba.com\/index.php\/wp-json\/wp\/v2\/product\/6063","targetHints":{"allow":["GET"]}}],"collection":[{"href":"https:\/\/naturalbotaniclaceiba.com\/index.php\/wp-json\/wp\/v2\/product"}],"about":[{"href":"https:\/\/naturalbotaniclaceiba.com\/index.php\/wp-json\/wp\/v2\/types\/product"}],"wp:featuredmedia":[{"embeddable":true,"href":"https:\/\/naturalbotaniclaceiba.com\/index.php\/wp-json\/wp\/v2\/media\/6064"}],"wp:attachment":[{"href":"https:\/\/naturalbotaniclaceiba.com\/index.php\/wp-json\/wp\/v2\/media?parent=6063"}],"wp:term":[{"taxonomy":"product_brand","embeddable":true,"href":"https:\/\/naturalbotaniclaceiba.com\/index.php\/wp-json\/wp\/v2\/product_brand?post=6063"},{"taxonomy":"product_cat","embeddable":true,"href":"https:\/\/naturalbotaniclaceiba.com\/index.php\/wp-json\/wp\/v2\/product_cat?post=6063"},{"taxonomy":"product_tag","embeddable":true,"href":"https:\/\/naturalbotaniclaceiba.com\/index.php\/wp-json\/wp\/v2\/product_tag?post=6063"}],"curies":[{"name":"wp","href":"https:\/\/api.w.org\/{rel}","templated":true}]}}