{"id":6906,"date":"2025-05-14T13:22:27","date_gmt":"2025-05-14T13:22:27","guid":{"rendered":"https:\/\/naturalbotaniclaceiba.com\/?post_type=product&#038;p=6906"},"modified":"2025-05-14T13:25:18","modified_gmt":"2025-05-14T13:25:18","slug":"rhodiola-rosea-root-100-capsulas","status":"publish","type":"product","link":"https:\/\/naturalbotaniclaceiba.com\/index.php\/product\/rhodiola-rosea-root-100-capsulas\/","title":{"rendered":"Rhodiola Rosea Root \u2013 100 C\u00e1psulas"},"content":{"rendered":"<h3><b>Beneficios:<\/b><\/h3>\n<ul>\n<li class=\"\" data-start=\"717\" data-end=\"763\">\n<p class=\"\" data-start=\"719\" data-end=\"763\">Ayuda a reducir la fatiga mental y f\u00edsica.<\/p>\n<\/li>\n<li class=\"\" data-start=\"764\" data-end=\"805\">\n<p class=\"\" data-start=\"766\" data-end=\"805\">Mejora la concentraci\u00f3n y el enfoque.<\/p>\n<\/li>\n<li class=\"\" data-start=\"806\" data-end=\"867\">\n<p class=\"\" data-start=\"808\" data-end=\"867\">Apoya el equilibrio emocional y la resistencia al estr\u00e9s.<\/p>\n<\/li>\n<li class=\"\" data-start=\"868\" data-end=\"926\">\n<p class=\"\" data-start=\"870\" data-end=\"926\">Potencial aliado en el rendimiento f\u00edsico y cognitivo.<\/p>\n<\/li>\n<\/ul>\n<h3><b>Contraindicaciones:<\/b><\/h3>\n<ul>\n<li class=\"\" data-start=\"1090\" data-end=\"1133\">\n<p class=\"\" data-start=\"1092\" data-end=\"1133\">No recomendado para menores de 18 a\u00f1os.<\/p>\n<\/li>\n<li class=\"\" data-start=\"1134\" data-end=\"1215\">\n<p class=\"\" data-start=\"1136\" data-end=\"1215\">Consultar a un m\u00e9dico si est\u00e1 embarazada, lactando o bajo tratamiento m\u00e9dico.<\/p>\n<\/li>\n<li class=\"\" data-start=\"1216\" data-end=\"1288\">\n<p class=\"\" data-start=\"1218\" data-end=\"1288\">Almacenar en un lugar fresco y seco, fuera del alcance de los ni\u00f1os.<\/p>\n<\/li>\n<\/ul>\n","protected":false},"excerpt":{"rendered":"<h3><b>Composici\u00f3n:<\/b><\/h3>\n<ul>\n<li>Extracto puro de ra\u00edz de Rhodiola Rosea. Planta adapt\u00f3gena reconocida por su capacidad para mejorar la resistencia f\u00edsica y mental ante el estr\u00e9s. Cada c\u00e1psula contiene 500 mg de extracto estandarizado.<\/li>\n<\/ul>\n<h3><b>Presentaci\u00f3n:<\/b><\/h3>\n<ul>\n<li>Frasco con 100 c\u00e1psulas vegetales.<\/li>\n<\/ul>\n<h3><b>Dosis:<\/b><\/h3>\n<ul>\n<li>Tomar 1 c\u00e1psula una o dos veces al d\u00eda, preferiblemente con alimentos.<\/li>\n<li><strong data-start=\"928\" data-end=\"944\">Modo de uso:<\/strong> Consumir 1 c\u00e1psula al d\u00eda por la ma\u00f1ana o antes de actividades exigentes. No exceder la dosis recomendada.<\/li>\n<\/ul>\n","protected":false},"featured_media":6907,"template":"","meta":{"site-sidebar-layout":"default","site-content-layout":"default","ast-site-content-layout":"default","site-content-style":"default","site-sidebar-style":"default","ast-global-header-display":"","ast-banner-title-visibility":"","ast-main-header-display":"","ast-hfb-above-header-display":"","ast-hfb-below-header-display":"","ast-hfb-mobile-header-display":"","site-post-title":"","ast-breadcrumbs-content":"","ast-featured-img":"","footer-sml-layout":"","theme-transparent-header-meta":"default","adv-header-id-meta":"","stick-header-meta":"","header-above-stick-meta":"","header-main-stick-meta":"","header-below-stick-meta":"","astra-migrate-meta-layouts":"default","ast-page-background-enabled":"default","ast-page-background-meta":{"desktop":{"background-color":"","background-image":"","background-repeat":"repeat","background-position":"center center","background-size":"auto","background-attachment":"scroll","background-type":"","background-media":"","overlay-type":"","overlay-color":"","overlay-opacity":"","overlay-gradient":""},"tablet":{"background-color":"","background-image":"","background-repeat":"repeat","background-position":"center center","background-size":"auto","background-attachment":"scroll","background-type":"","background-media":"","overlay-type":"","overlay-color":"","overlay-opacity":"","overlay-gradient":""},"mobile":{"background-color":"","background-image":"","background-repeat":"repeat","background-position":"center center","background-size":"auto","background-attachment":"scroll","background-type":"","background-media":"","overlay-type":"","overlay-color":"","overlay-opacity":"","overlay-gradient":""}},"ast-content-background-meta":{"desktop":{"background-color":"var(--ast-global-color-5)","background-image":"","background-repeat":"repeat","background-position":"center center","background-size":"auto","background-attachment":"scroll","background-type":"","background-media":"","overlay-type":"","overlay-color":"","overlay-opacity":"","overlay-gradient":""},"tablet":{"background-color":"var(--ast-global-color-5)","background-image":"","background-repeat":"repeat","background-position":"center center","background-size":"auto","background-attachment":"scroll","background-type":"","background-media":"","overlay-type":"","overlay-color":"","overlay-opacity":"","overlay-gradient":""},"mobile":{"background-color":"var(--ast-global-color-5)","background-image":"","background-repeat":"repeat","background-position":"center center","background-size":"auto","background-attachment":"scroll","background-type":"","background-media":"","overlay-type":"","overlay-color":"","overlay-opacity":"","overlay-gradient":""}}},"product_brand":[],"product_cat":[26,38,39],"product_tag":[],"class_list":{"0":"post-6906","1":"product","2":"type-product","3":"status-publish","4":"has-post-thumbnail","6":"product_cat-antioxidante","7":"product_cat-oxigenadores-cerebrales","8":"product_cat-vitalidad-energia","9":"desktop-align-left","10":"tablet-align-left","11":"mobile-align-left","13":"first","14":"instock","15":"featured","16":"shipping-taxable","17":"purchasable","18":"product-type-simple"},"_links":{"self":[{"href":"https:\/\/naturalbotaniclaceiba.com\/index.php\/wp-json\/wp\/v2\/product\/6906","targetHints":{"allow":["GET"]}}],"collection":[{"href":"https:\/\/naturalbotaniclaceiba.com\/index.php\/wp-json\/wp\/v2\/product"}],"about":[{"href":"https:\/\/naturalbotaniclaceiba.com\/index.php\/wp-json\/wp\/v2\/types\/product"}],"wp:featuredmedia":[{"embeddable":true,"href":"https:\/\/naturalbotaniclaceiba.com\/index.php\/wp-json\/wp\/v2\/media\/6907"}],"wp:attachment":[{"href":"https:\/\/naturalbotaniclaceiba.com\/index.php\/wp-json\/wp\/v2\/media?parent=6906"}],"wp:term":[{"taxonomy":"product_brand","embeddable":true,"href":"https:\/\/naturalbotaniclaceiba.com\/index.php\/wp-json\/wp\/v2\/product_brand?post=6906"},{"taxonomy":"product_cat","embeddable":true,"href":"https:\/\/naturalbotaniclaceiba.com\/index.php\/wp-json\/wp\/v2\/product_cat?post=6906"},{"taxonomy":"product_tag","embeddable":true,"href":"https:\/\/naturalbotaniclaceiba.com\/index.php\/wp-json\/wp\/v2\/product_tag?post=6906"}],"curies":[{"name":"wp","href":"https:\/\/api.w.org\/{rel}","templated":true}]}}