{"id":6913,"date":"2025-05-14T14:35:14","date_gmt":"2025-05-14T14:35:14","guid":{"rendered":"https:\/\/naturalbotaniclaceiba.com\/?post_type=product&#038;p=6913"},"modified":"2025-05-16T14:16:28","modified_gmt":"2025-05-16T14:16:28","slug":"hmr-4-90-capsulas","status":"publish","type":"product","link":"https:\/\/naturalbotaniclaceiba.com\/index.php\/product\/hmr-4-90-capsulas\/","title":{"rendered":"HMR-4 \u2013 90 C\u00e1psulas"},"content":{"rendered":"<h3><b>Beneficios:<\/b><\/h3>\n<ul>\n<li class=\"\" data-start=\"652\" data-end=\"699\">\n<p class=\"\" data-start=\"654\" data-end=\"699\">Favorece el buen funcionamiento del h\u00edgado.<\/p>\n<\/li>\n<li class=\"\" data-start=\"700\" data-end=\"763\">\n<p class=\"\" data-start=\"702\" data-end=\"763\">Apoya los procesos naturales de desintoxicaci\u00f3n del cuerpo.<\/p>\n<\/li>\n<li class=\"\" data-start=\"764\" data-end=\"825\">\n<p class=\"\" data-start=\"766\" data-end=\"825\">Estimula la digesti\u00f3n y mejora la eliminaci\u00f3n de toxinas.<\/p>\n<\/li>\n<li class=\"\" data-start=\"826\" data-end=\"877\">\n<p class=\"\" data-start=\"828\" data-end=\"877\">Contribuye a mantener el metabolismo saludable.<\/p>\n<\/li>\n<\/ul>\n<h3><b>Contraindicaciones:<\/b><\/h3>\n<ul>\n<li class=\"\" data-start=\"1034\" data-end=\"1085\">\n<p class=\"\" data-start=\"1036\" data-end=\"1085\">No recomendado durante el embarazo o lactancia.<\/p>\n<\/li>\n<li class=\"\" data-start=\"1086\" data-end=\"1190\">\n<p class=\"\" data-start=\"1088\" data-end=\"1190\">Consultar con un m\u00e9dico si se padece de alguna condici\u00f3n hep\u00e1tica o se est\u00e1 bajo tratamiento m\u00e9dico.<\/p>\n<\/li>\n<li class=\"\" data-start=\"1191\" data-end=\"1263\">\n<p class=\"\" data-start=\"1193\" data-end=\"1263\">Almacenar en un lugar fresco y seco, fuera del alcance de los ni\u00f1os.<\/p>\n<\/li>\n<\/ul>\n","protected":false},"excerpt":{"rendered":"<h3><b>Composici\u00f3n:<\/b><\/h3>\n<ul>\n<li>F\u00f3rmula natural a base de 4 potentes ingredientes herbales: c\u00farcuma, cardo mariano, boldo y diente de le\u00f3n. Especialmente formulado para apoyar la funci\u00f3n hep\u00e1tica y la desintoxicaci\u00f3n del organismo.<\/li>\n<\/ul>\n<h3><b>Presentaci\u00f3n:<\/b><\/h3>\n<ul>\n<li>Frasco con 90 c\u00e1psulas.<\/li>\n<\/ul>\n<h3><b>Dosis:<\/b><\/h3>\n<ul>\n<li>Tomar 1 c\u00e1psula 2 veces al d\u00eda con alimentos.<\/li>\n<li><strong data-start=\"879\" data-end=\"895\">Modo de uso:<\/strong> Ingerir 1 c\u00e1psula dos veces al d\u00eda, preferiblemente con alimentos. No exceder la dosis recomendada.<\/li>\n<\/ul>\n","protected":false},"featured_media":6914,"template":"","meta":{"site-sidebar-layout":"default","site-content-layout":"default","ast-site-content-layout":"default","site-content-style":"default","site-sidebar-style":"default","ast-global-header-display":"","ast-banner-title-visibility":"","ast-main-header-display":"","ast-hfb-above-header-display":"","ast-hfb-below-header-display":"","ast-hfb-mobile-header-display":"","site-post-title":"","ast-breadcrumbs-content":"","ast-featured-img":"","footer-sml-layout":"","theme-transparent-header-meta":"default","adv-header-id-meta":"","stick-header-meta":"","header-above-stick-meta":"","header-main-stick-meta":"","header-below-stick-meta":"","astra-migrate-meta-layouts":"default","ast-page-background-enabled":"default","ast-page-background-meta":{"desktop":{"background-color":"","background-image":"","background-repeat":"repeat","background-position":"center center","background-size":"auto","background-attachment":"scroll","background-type":"","background-media":"","overlay-type":"","overlay-color":"","overlay-opacity":"","overlay-gradient":""},"tablet":{"background-color":"","background-image":"","background-repeat":"repeat","background-position":"center center","background-size":"auto","background-attachment":"scroll","background-type":"","background-media":"","overlay-type":"","overlay-color":"","overlay-opacity":"","overlay-gradient":""},"mobile":{"background-color":"","background-image":"","background-repeat":"repeat","background-position":"center center","background-size":"auto","background-attachment":"scroll","background-type":"","background-media":"","overlay-type":"","overlay-color":"","overlay-opacity":"","overlay-gradient":""}},"ast-content-background-meta":{"desktop":{"background-color":"var(--ast-global-color-5)","background-image":"","background-repeat":"repeat","background-position":"center center","background-size":"auto","background-attachment":"scroll","background-type":"","background-media":"","overlay-type":"","overlay-color":"","overlay-opacity":"","overlay-gradient":""},"tablet":{"background-color":"var(--ast-global-color-5)","background-image":"","background-repeat":"repeat","background-position":"center center","background-size":"auto","background-attachment":"scroll","background-type":"","background-media":"","overlay-type":"","overlay-color":"","overlay-opacity":"","overlay-gradient":""},"mobile":{"background-color":"var(--ast-global-color-5)","background-image":"","background-repeat":"repeat","background-position":"center center","background-size":"auto","background-attachment":"scroll","background-type":"","background-media":"","overlay-type":"","overlay-color":"","overlay-opacity":"","overlay-gradient":""}}},"product_brand":[],"product_cat":[34],"product_tag":[],"class_list":{"0":"post-6913","1":"product","2":"type-product","3":"status-publish","4":"has-post-thumbnail","6":"product_cat-sistema-digestivo","7":"desktop-align-left","8":"tablet-align-left","9":"mobile-align-left","11":"first","12":"instock","13":"featured","14":"shipping-taxable","15":"purchasable","16":"product-type-simple"},"_links":{"self":[{"href":"https:\/\/naturalbotaniclaceiba.com\/index.php\/wp-json\/wp\/v2\/product\/6913","targetHints":{"allow":["GET"]}}],"collection":[{"href":"https:\/\/naturalbotaniclaceiba.com\/index.php\/wp-json\/wp\/v2\/product"}],"about":[{"href":"https:\/\/naturalbotaniclaceiba.com\/index.php\/wp-json\/wp\/v2\/types\/product"}],"wp:featuredmedia":[{"embeddable":true,"href":"https:\/\/naturalbotaniclaceiba.com\/index.php\/wp-json\/wp\/v2\/media\/6914"}],"wp:attachment":[{"href":"https:\/\/naturalbotaniclaceiba.com\/index.php\/wp-json\/wp\/v2\/media?parent=6913"}],"wp:term":[{"taxonomy":"product_brand","embeddable":true,"href":"https:\/\/naturalbotaniclaceiba.com\/index.php\/wp-json\/wp\/v2\/product_brand?post=6913"},{"taxonomy":"product_cat","embeddable":true,"href":"https:\/\/naturalbotaniclaceiba.com\/index.php\/wp-json\/wp\/v2\/product_cat?post=6913"},{"taxonomy":"product_tag","embeddable":true,"href":"https:\/\/naturalbotaniclaceiba.com\/index.php\/wp-json\/wp\/v2\/product_tag?post=6913"}],"curies":[{"name":"wp","href":"https:\/\/api.w.org\/{rel}","templated":true}]}}