{"id":6931,"date":"2025-05-16T14:11:12","date_gmt":"2025-05-16T14:11:12","guid":{"rendered":"https:\/\/naturalbotaniclaceiba.com\/?post_type=product&#038;p=6931"},"modified":"2025-05-16T14:14:57","modified_gmt":"2025-05-16T14:14:57","slug":"jugo-de-aloe-vera","status":"publish","type":"product","link":"https:\/\/naturalbotaniclaceiba.com\/index.php\/product\/jugo-de-aloe-vera\/","title":{"rendered":"Jugo de Aloe Vera"},"content":{"rendered":"<h3><b>Beneficios:<\/b><\/h3>\n<ul>\n<li class=\"\" data-start=\"730\" data-end=\"806\">\n<p class=\"\" data-start=\"732\" data-end=\"806\">Favorece la salud digestiva y ayuda a calmar el tracto gastrointestinal.<\/p>\n<\/li>\n<li class=\"\" data-start=\"807\" data-end=\"858\">\n<p class=\"\" data-start=\"809\" data-end=\"858\">Apoya la desintoxicaci\u00f3n natural del organismo.<\/p>\n<\/li>\n<li class=\"\" data-start=\"859\" data-end=\"897\">\n<p class=\"\" data-start=\"861\" data-end=\"897\">Fortalece el sistema inmunol\u00f3gico.<\/p>\n<\/li>\n<li class=\"\" data-start=\"898\" data-end=\"950\">\n<p class=\"\" data-start=\"900\" data-end=\"950\">Contribuye a la hidrataci\u00f3n y bienestar general.<\/p>\n<\/li>\n<\/ul>\n<h3><b>Contraindicaciones:<\/b><\/h3>\n<ul>\n<li class=\"\" data-start=\"1114\" data-end=\"1209\">\n<p class=\"\" data-start=\"1116\" data-end=\"1209\">No se recomienda para mujeres embarazadas o en periodo de lactancia sin supervisi\u00f3n m\u00e9dica.<\/p>\n<\/li>\n<li class=\"\" data-start=\"1210\" data-end=\"1262\">\n<p class=\"\" data-start=\"1212\" data-end=\"1262\">Suspender su uso en caso de reacciones adversas.<\/p>\n<\/li>\n<li class=\"\" data-start=\"1263\" data-end=\"1307\">\n<p class=\"\" data-start=\"1265\" data-end=\"1307\">Mantener fuera del alcance de los ni\u00f1os.<\/p>\n<\/li>\n<li class=\"\" data-start=\"1308\" data-end=\"1370\">\n<p class=\"\" data-start=\"1310\" data-end=\"1370\">Conservar en un lugar fresco y refrigerar una vez abierto.<\/p>\n<\/li>\n<\/ul>\n","protected":false},"excerpt":{"rendered":"<h3><b>Composici\u00f3n:<\/b><\/h3>\n<ul>\n<li>Jugo puro de Aloe Vera (Aloe barbadensis) estabilizado en fr\u00edo para conservar sus propiedades naturales. Sin colorantes artificiales, az\u00facares a\u00f1adidos ni saborizantes artificiales.<\/li>\n<\/ul>\n<h3><b>Presentaci\u00f3n:<\/b><\/h3>\n<ul>\n<li>Botella de 946 ml (32 fl oz).<\/li>\n<\/ul>\n<h3><b>Dosis:<\/b><\/h3>\n<ul>\n<li>Tomar de 30 ml a 60 ml (1 a 2 onzas) al d\u00eda, solo o diluido en agua o jugo natural.<\/li>\n<li><strong data-start=\"952\" data-end=\"968\">Modo de uso:<\/strong> Agitar antes de usar. Tomar preferiblemente en ayunas o antes de las comidas. Refrigerar despu\u00e9s de abrir.<\/li>\n<\/ul>\n","protected":false},"featured_media":6932,"template":"","meta":{"site-sidebar-layout":"default","site-content-layout":"default","ast-site-content-layout":"default","site-content-style":"default","site-sidebar-style":"default","ast-global-header-display":"","ast-banner-title-visibility":"","ast-main-header-display":"","ast-hfb-above-header-display":"","ast-hfb-below-header-display":"","ast-hfb-mobile-header-display":"","site-post-title":"","ast-breadcrumbs-content":"","ast-featured-img":"","footer-sml-layout":"","theme-transparent-header-meta":"default","adv-header-id-meta":"","stick-header-meta":"","header-above-stick-meta":"","header-main-stick-meta":"","header-below-stick-meta":"","astra-migrate-meta-layouts":"default","ast-page-background-enabled":"default","ast-page-background-meta":{"desktop":{"background-color":"","background-image":"","background-repeat":"repeat","background-position":"center center","background-size":"auto","background-attachment":"scroll","background-type":"","background-media":"","overlay-type":"","overlay-color":"","overlay-opacity":"","overlay-gradient":""},"tablet":{"background-color":"","background-image":"","background-repeat":"repeat","background-position":"center center","background-size":"auto","background-attachment":"scroll","background-type":"","background-media":"","overlay-type":"","overlay-color":"","overlay-opacity":"","overlay-gradient":""},"mobile":{"background-color":"","background-image":"","background-repeat":"repeat","background-position":"center center","background-size":"auto","background-attachment":"scroll","background-type":"","background-media":"","overlay-type":"","overlay-color":"","overlay-opacity":"","overlay-gradient":""}},"ast-content-background-meta":{"desktop":{"background-color":"var(--ast-global-color-5)","background-image":"","background-repeat":"repeat","background-position":"center center","background-size":"auto","background-attachment":"scroll","background-type":"","background-media":"","overlay-type":"","overlay-color":"","overlay-opacity":"","overlay-gradient":""},"tablet":{"background-color":"var(--ast-global-color-5)","background-image":"","background-repeat":"repeat","background-position":"center center","background-size":"auto","background-attachment":"scroll","background-type":"","background-media":"","overlay-type":"","overlay-color":"","overlay-opacity":"","overlay-gradient":""},"mobile":{"background-color":"var(--ast-global-color-5)","background-image":"","background-repeat":"repeat","background-position":"center center","background-size":"auto","background-attachment":"scroll","background-type":"","background-media":"","overlay-type":"","overlay-color":"","overlay-opacity":"","overlay-gradient":""}}},"product_brand":[],"product_cat":[34],"product_tag":[],"class_list":{"0":"post-6931","1":"product","2":"type-product","3":"status-publish","4":"has-post-thumbnail","6":"product_cat-sistema-digestivo","7":"desktop-align-left","8":"tablet-align-left","9":"mobile-align-left","11":"first","12":"instock","13":"featured","14":"shipping-taxable","15":"purchasable","16":"product-type-simple"},"_links":{"self":[{"href":"https:\/\/naturalbotaniclaceiba.com\/index.php\/wp-json\/wp\/v2\/product\/6931","targetHints":{"allow":["GET"]}}],"collection":[{"href":"https:\/\/naturalbotaniclaceiba.com\/index.php\/wp-json\/wp\/v2\/product"}],"about":[{"href":"https:\/\/naturalbotaniclaceiba.com\/index.php\/wp-json\/wp\/v2\/types\/product"}],"wp:featuredmedia":[{"embeddable":true,"href":"https:\/\/naturalbotaniclaceiba.com\/index.php\/wp-json\/wp\/v2\/media\/6932"}],"wp:attachment":[{"href":"https:\/\/naturalbotaniclaceiba.com\/index.php\/wp-json\/wp\/v2\/media?parent=6931"}],"wp:term":[{"taxonomy":"product_brand","embeddable":true,"href":"https:\/\/naturalbotaniclaceiba.com\/index.php\/wp-json\/wp\/v2\/product_brand?post=6931"},{"taxonomy":"product_cat","embeddable":true,"href":"https:\/\/naturalbotaniclaceiba.com\/index.php\/wp-json\/wp\/v2\/product_cat?post=6931"},{"taxonomy":"product_tag","embeddable":true,"href":"https:\/\/naturalbotaniclaceiba.com\/index.php\/wp-json\/wp\/v2\/product_tag?post=6931"}],"curies":[{"name":"wp","href":"https:\/\/api.w.org\/{rel}","templated":true}]}}