{"id":7034,"date":"2025-07-01T16:09:32","date_gmt":"2025-07-01T16:09:32","guid":{"rendered":"https:\/\/naturalbotaniclaceiba.com\/?post_type=product&#038;p=7034"},"modified":"2025-07-01T16:12:08","modified_gmt":"2025-07-01T16:12:08","slug":"batana-pura-aceite-de-ojon-100-natural","status":"publish","type":"product","link":"https:\/\/naturalbotaniclaceiba.com\/index.php\/product\/batana-pura-aceite-de-ojon-100-natural\/","title":{"rendered":"Batana Pura \u2013 Aceite de Oj\u00f3n 100% Natural"},"content":{"rendered":"<h3><b>Beneficios:<\/b><\/h3>\n<ul>\n<li data-start=\"861\" data-end=\"908\">Restaura el cabello da\u00f1ado y reduce la ca\u00edda.<\/li>\n<li data-start=\"911\" data-end=\"966\">Estimula el crecimiento capilar en zonas con p\u00e9rdida.<\/li>\n<li data-start=\"969\" data-end=\"1029\">Hidrata profundamente el cuero cabelludo seco o con caspa.<\/li>\n<li data-start=\"1032\" data-end=\"1087\">Suaviza, nutre y regenera la piel reseca o agrietada.<\/li>\n<\/ul>\n<h3><b>Contraindicaciones:<\/b><\/h3>\n<ul>\n<li data-start=\"1376\" data-end=\"1401\">Uso externo \u00fanicamente.<\/li>\n<li data-start=\"1404\" data-end=\"1456\">No aplicar sobre heridas abiertas o piel irritada.<\/li>\n<li data-start=\"1459\" data-end=\"1518\">Realizar una prueba de sensibilidad antes del primer uso.<\/li>\n<li data-start=\"1521\" data-end=\"1620\">Conservar en lugar fresco y seco; puede solidificarse con el fr\u00edo (calentar suavemente para uso).<\/li>\n<\/ul>\n","protected":false},"excerpt":{"rendered":"<h3><b>Composici\u00f3n:<\/b><\/h3>\n<p>Aceite de batana 100% puro (aceite de oj\u00f3n), extra\u00eddo artesanalmente de la palma americana por comunidades gar\u00edfunas. Rico en \u00e1cidos grasos, antioxidantes y nutrientes que nutren profundamente el cuero cabelludo, cabello y piel.<\/p>\n<h3><b>Presentaci\u00f3n:<\/b><\/h3>\n<ul style=\"font-size: 16px; font-style: normal; font-weight: 400;\">\n<li style=\"font-size: 16px;\">Frasco de 118 ml en formato l\u00edquido o s\u00f3lido (seg\u00fan temperatura ambiental).<\/li>\n<\/ul>\n<h3 style=\"font-style: normal;\"><b>Dosis:<\/b><\/h3>\n<ul style=\"font-size: 16px; font-style: normal; font-weight: 400;\">\n<li style=\"font-size: 16px;\">Aplicar de 2 a 3 veces por semana sobre cabello o piel limpia.<\/li>\n<\/ul>\n","protected":false},"featured_media":7035,"template":"","meta":{"site-sidebar-layout":"default","site-content-layout":"default","ast-site-content-layout":"default","site-content-style":"default","site-sidebar-style":"default","ast-global-header-display":"","ast-banner-title-visibility":"","ast-main-header-display":"","ast-hfb-above-header-display":"","ast-hfb-below-header-display":"","ast-hfb-mobile-header-display":"","site-post-title":"","ast-breadcrumbs-content":"","ast-featured-img":"","footer-sml-layout":"","theme-transparent-header-meta":"default","adv-header-id-meta":"","stick-header-meta":"","header-above-stick-meta":"","header-main-stick-meta":"","header-below-stick-meta":"","astra-migrate-meta-layouts":"set","ast-page-background-enabled":"default","ast-page-background-meta":{"desktop":{"background-color":"","background-image":"","background-repeat":"repeat","background-position":"center center","background-size":"auto","background-attachment":"scroll","background-type":"","background-media":"","overlay-type":"","overlay-color":"","overlay-opacity":"","overlay-gradient":""},"tablet":{"background-color":"","background-image":"","background-repeat":"repeat","background-position":"center center","background-size":"auto","background-attachment":"scroll","background-type":"","background-media":"","overlay-type":"","overlay-color":"","overlay-opacity":"","overlay-gradient":""},"mobile":{"background-color":"","background-image":"","background-repeat":"repeat","background-position":"center center","background-size":"auto","background-attachment":"scroll","background-type":"","background-media":"","overlay-type":"","overlay-color":"","overlay-opacity":"","overlay-gradient":""}},"ast-content-background-meta":{"desktop":{"background-color":"var(--ast-global-color-5)","background-image":"","background-repeat":"repeat","background-position":"center center","background-size":"auto","background-attachment":"scroll","background-type":"","background-media":"","overlay-type":"","overlay-color":"","overlay-opacity":"","overlay-gradient":""},"tablet":{"background-color":"var(--ast-global-color-5)","background-image":"","background-repeat":"repeat","background-position":"center center","background-size":"auto","background-attachment":"scroll","background-type":"","background-media":"","overlay-type":"","overlay-color":"","overlay-opacity":"","overlay-gradient":""},"mobile":{"background-color":"var(--ast-global-color-5)","background-image":"","background-repeat":"repeat","background-position":"center center","background-size":"auto","background-attachment":"scroll","background-type":"","background-media":"","overlay-type":"","overlay-color":"","overlay-opacity":"","overlay-gradient":""}}},"product_brand":[],"product_cat":[80,27],"product_tag":[],"class_list":{"0":"post-7034","1":"product","2":"type-product","3":"status-publish","4":"has-post-thumbnail","6":"product_cat-aceites-escenciales","7":"product_cat-cabello-piel-unas","8":"desktop-align-left","9":"tablet-align-left","10":"mobile-align-left","12":"first","13":"instock","14":"featured","15":"shipping-taxable","16":"purchasable","17":"product-type-simple"},"_links":{"self":[{"href":"https:\/\/naturalbotaniclaceiba.com\/index.php\/wp-json\/wp\/v2\/product\/7034","targetHints":{"allow":["GET"]}}],"collection":[{"href":"https:\/\/naturalbotaniclaceiba.com\/index.php\/wp-json\/wp\/v2\/product"}],"about":[{"href":"https:\/\/naturalbotaniclaceiba.com\/index.php\/wp-json\/wp\/v2\/types\/product"}],"wp:featuredmedia":[{"embeddable":true,"href":"https:\/\/naturalbotaniclaceiba.com\/index.php\/wp-json\/wp\/v2\/media\/7035"}],"wp:attachment":[{"href":"https:\/\/naturalbotaniclaceiba.com\/index.php\/wp-json\/wp\/v2\/media?parent=7034"}],"wp:term":[{"taxonomy":"product_brand","embeddable":true,"href":"https:\/\/naturalbotaniclaceiba.com\/index.php\/wp-json\/wp\/v2\/product_brand?post=7034"},{"taxonomy":"product_cat","embeddable":true,"href":"https:\/\/naturalbotaniclaceiba.com\/index.php\/wp-json\/wp\/v2\/product_cat?post=7034"},{"taxonomy":"product_tag","embeddable":true,"href":"https:\/\/naturalbotaniclaceiba.com\/index.php\/wp-json\/wp\/v2\/product_tag?post=7034"}],"curies":[{"name":"wp","href":"https:\/\/api.w.org\/{rel}","templated":true}]}}